{"id":294,"date":"2020-10-22T16:48:44","date_gmt":"2020-10-22T19:48:44","guid":{"rendered":"http:\/\/stone-hill.progressionstudios.com\/?post_type=product&#038;p=138"},"modified":"2020-11-06T15:59:45","modified_gmt":"2020-11-06T18:59:45","slug":"reserva-blend-cabernet-sauvignon-carmenere-merlot","status":"publish","type":"product","link":"https:\/\/www.vinoslautaro.cl\/es\/shop\/cabernet-sauvignon\/reserva-blend-cabernet-sauvignon-carmenere-merlot\/","title":{"rendered":"RESERVA BLEND CABERNET SAUVIGNON CARMENERE MERLOT"},"content":{"rendered":"","protected":false},"excerpt":{"rendered":"<p>Es un vino art\u00edstico y \u00fanico, desarrollado por un per\u00edodo de 12 meses de envejecimiento en barricas de Roble Franc\u00e9s y barricas de Roble Americano.<\/p>\n<p>Color rojo violeta intenso, limpio y brillante con leves toques de color teja, producto de la guarda en roble.<\/p>\n<p>Aromas frutales, frutas rojas que son el resultado de cosecha en una madurez \u00f3ptima, las que se mezclan y calzan perfectamente con aromas a humo, tostado y tabaco, de las barricas.<\/p>\n<p>Sabor sedoso e intenso, algo de dulzor proveniente de su significante nivel de alcohol, placentero. Taninos poderosos, redondos y elegantes. Casis y toques de roble tostado, cacao, vainilla, caf\u00e9. Sabor persistente y duradero.<\/p>\n<p>Soberbio para acompa\u00f1ar con aves de caza, carnes rojas, cordero y pastas con salsa de tomate.<\/p>\n<p>Servir a una Temperatura de 18\u00baC<\/p>\n","protected":false},"featured_media":1628,"template":"","meta":[],"product_brand":[],"product_cat":[15],"product_tag":[],"class_list":{"0":"post-294","1":"product","2":"type-product","3":"status-publish","4":"has-post-thumbnail","6":"product_cat-cabernet-sauvignon","8":"first","9":"instock","10":"virtual","11":"product-type-simple"},"yoast_head":"<!-- This site is optimized with the Yoast SEO plugin v25.5 - https:\/\/yoast.com\/wordpress\/plugins\/seo\/ -->\n<title>RESERVA BLEND CABERNET SAUVIGNON CARMENERE MERLOT - Lautaro Wines<\/title>\n<meta name=\"robots\" content=\"index, follow, max-snippet:-1, max-image-preview:large, max-video-preview:-1\" \/>\n<link rel=\"canonical\" href=\"https:\/\/www.vinoslautaro.cl\/es\/shop\/cabernet-sauvignon\/reserva-blend-cabernet-sauvignon-carmenere-merlot\/\" \/>\n<meta property=\"og:locale\" content=\"es_ES\" \/>\n<meta property=\"og:type\" content=\"article\" \/>\n<meta property=\"og:title\" content=\"RESERVA BLEND CABERNET SAUVIGNON CARMENERE MERLOT - Lautaro Wines\" \/>\n<meta property=\"og:description\" content=\"Es un vino art\u00edstico y \u00fanico, desarrollado por un per\u00edodo de 12 meses de envejecimiento en barricas de Roble Franc\u00e9s y barricas de Roble Americano.  Color rojo violeta intenso, limpio y brillante con leves toques de color teja, producto de la guarda en roble.  Aromas frutales, frutas rojas que son el resultado de cosecha en una madurez \u00f3ptima, las que se mezclan y calzan perfectamente con aromas a humo, tostado y tabaco, de las barricas.  Sabor sedoso e intenso, algo de dulzor proveniente de su significante nivel de alcohol, placentero. Taninos poderosos, redondos y elegantes. Casis y toques de roble tostado, cacao, vainilla, caf\u00e9. Sabor persistente y duradero.  Soberbio para acompa\u00f1ar con aves de caza, carnes rojas, cordero y pastas con salsa de tomate.  Servir a una Temperatura de 18\u00baC\" \/>\n<meta property=\"og:url\" content=\"https:\/\/www.vinoslautaro.cl\/es\/shop\/cabernet-sauvignon\/reserva-blend-cabernet-sauvignon-carmenere-merlot\/\" \/>\n<meta property=\"og:site_name\" content=\"Lautaro Wines\" \/>\n<meta property=\"article:modified_time\" content=\"2020-11-06T18:59:45+00:00\" \/>\n<meta property=\"og:image\" content=\"https:\/\/www.vinoslautaro.cl\/es\/wp-content\/uploads\/2020\/10\/Lautaro-Reserva-Cabernet-Sauvignon-Carmenere-Merlot-400.jpg\" \/>\n\t<meta property=\"og:image:width\" content=\"400\" \/>\n\t<meta property=\"og:image:height\" content=\"600\" \/>\n\t<meta property=\"og:image:type\" content=\"image\/jpeg\" \/>\n<meta name=\"twitter:card\" content=\"summary_large_image\" \/>\n<script type=\"application\/ld+json\" class=\"yoast-schema-graph\">{\"@context\":\"https:\/\/schema.org\",\"@graph\":[{\"@type\":\"WebPage\",\"@id\":\"https:\/\/www.vinoslautaro.cl\/es\/shop\/cabernet-sauvignon\/reserva-blend-cabernet-sauvignon-carmenere-merlot\/\",\"url\":\"https:\/\/www.vinoslautaro.cl\/es\/shop\/cabernet-sauvignon\/reserva-blend-cabernet-sauvignon-carmenere-merlot\/\",\"name\":\"RESERVA BLEND CABERNET SAUVIGNON CARMENERE MERLOT - Lautaro Wines\",\"isPartOf\":{\"@id\":\"https:\/\/www.vinoslautaro.cl\/es\/#website\"},\"primaryImageOfPage\":{\"@id\":\"https:\/\/www.vinoslautaro.cl\/es\/shop\/cabernet-sauvignon\/reserva-blend-cabernet-sauvignon-carmenere-merlot\/#primaryimage\"},\"image\":{\"@id\":\"https:\/\/www.vinoslautaro.cl\/es\/shop\/cabernet-sauvignon\/reserva-blend-cabernet-sauvignon-carmenere-merlot\/#primaryimage\"},\"thumbnailUrl\":\"https:\/\/www.vinoslautaro.cl\/es\/wp-content\/uploads\/2020\/10\/Lautaro-Reserva-Cabernet-Sauvignon-Carmenere-Merlot-400.jpg\",\"datePublished\":\"2020-10-22T19:48:44+00:00\",\"dateModified\":\"2020-11-06T18:59:45+00:00\",\"breadcrumb\":{\"@id\":\"https:\/\/www.vinoslautaro.cl\/es\/shop\/cabernet-sauvignon\/reserva-blend-cabernet-sauvignon-carmenere-merlot\/#breadcrumb\"},\"inLanguage\":\"es\",\"potentialAction\":[{\"@type\":\"ReadAction\",\"target\":[\"https:\/\/www.vinoslautaro.cl\/es\/shop\/cabernet-sauvignon\/reserva-blend-cabernet-sauvignon-carmenere-merlot\/\"]}]},{\"@type\":\"ImageObject\",\"inLanguage\":\"es\",\"@id\":\"https:\/\/www.vinoslautaro.cl\/es\/shop\/cabernet-sauvignon\/reserva-blend-cabernet-sauvignon-carmenere-merlot\/#primaryimage\",\"url\":\"https:\/\/www.vinoslautaro.cl\/es\/wp-content\/uploads\/2020\/10\/Lautaro-Reserva-Cabernet-Sauvignon-Carmenere-Merlot-400.jpg\",\"contentUrl\":\"https:\/\/www.vinoslautaro.cl\/es\/wp-content\/uploads\/2020\/10\/Lautaro-Reserva-Cabernet-Sauvignon-Carmenere-Merlot-400.jpg\",\"width\":400,\"height\":600,\"caption\":\"Reserva Cabernet Sauvignon Carmenere\"},{\"@type\":\"BreadcrumbList\",\"@id\":\"https:\/\/www.vinoslautaro.cl\/es\/shop\/cabernet-sauvignon\/reserva-blend-cabernet-sauvignon-carmenere-merlot\/#breadcrumb\",\"itemListElement\":[{\"@type\":\"ListItem\",\"position\":1,\"name\":\"Portada\",\"item\":\"https:\/\/www.vinoslautaro.cl\/es\/\"},{\"@type\":\"ListItem\",\"position\":2,\"name\":\"Nuestros Vinos\",\"item\":\"https:\/\/www.vinoslautaro.cl\/es\/vinos-chile-comercio-justo\/\"},{\"@type\":\"ListItem\",\"position\":3,\"name\":\"RESERVA BLEND CABERNET SAUVIGNON CARMENERE MERLOT\"}]},{\"@type\":\"WebSite\",\"@id\":\"https:\/\/www.vinoslautaro.cl\/es\/#website\",\"url\":\"https:\/\/www.vinoslautaro.cl\/es\/\",\"name\":\"Lautaro Wines\",\"description\":\"\",\"potentialAction\":[{\"@type\":\"SearchAction\",\"target\":{\"@type\":\"EntryPoint\",\"urlTemplate\":\"https:\/\/www.vinoslautaro.cl\/es\/?s={search_term_string}\"},\"query-input\":{\"@type\":\"PropertyValueSpecification\",\"valueRequired\":true,\"valueName\":\"search_term_string\"}}],\"inLanguage\":\"es\"}]}<\/script>\n<!-- \/ Yoast SEO plugin. -->","yoast_head_json":{"title":"RESERVA BLEND CABERNET SAUVIGNON CARMENERE MERLOT - Lautaro Wines","robots":{"index":"index","follow":"follow","max-snippet":"max-snippet:-1","max-image-preview":"max-image-preview:large","max-video-preview":"max-video-preview:-1"},"canonical":"https:\/\/www.vinoslautaro.cl\/es\/shop\/cabernet-sauvignon\/reserva-blend-cabernet-sauvignon-carmenere-merlot\/","og_locale":"es_ES","og_type":"article","og_title":"RESERVA BLEND CABERNET SAUVIGNON CARMENERE MERLOT - Lautaro Wines","og_description":"Es un vino art\u00edstico y \u00fanico, desarrollado por un per\u00edodo de 12 meses de envejecimiento en barricas de Roble Franc\u00e9s y barricas de Roble Americano.  Color rojo violeta intenso, limpio y brillante con leves toques de color teja, producto de la guarda en roble.  Aromas frutales, frutas rojas que son el resultado de cosecha en una madurez \u00f3ptima, las que se mezclan y calzan perfectamente con aromas a humo, tostado y tabaco, de las barricas.  Sabor sedoso e intenso, algo de dulzor proveniente de su significante nivel de alcohol, placentero. Taninos poderosos, redondos y elegantes. Casis y toques de roble tostado, cacao, vainilla, caf\u00e9. Sabor persistente y duradero.  Soberbio para acompa\u00f1ar con aves de caza, carnes rojas, cordero y pastas con salsa de tomate.  Servir a una Temperatura de 18\u00baC","og_url":"https:\/\/www.vinoslautaro.cl\/es\/shop\/cabernet-sauvignon\/reserva-blend-cabernet-sauvignon-carmenere-merlot\/","og_site_name":"Lautaro Wines","article_modified_time":"2020-11-06T18:59:45+00:00","og_image":[{"width":400,"height":600,"url":"https:\/\/www.vinoslautaro.cl\/es\/wp-content\/uploads\/2020\/10\/Lautaro-Reserva-Cabernet-Sauvignon-Carmenere-Merlot-400.jpg","type":"image\/jpeg"}],"twitter_card":"summary_large_image","schema":{"@context":"https:\/\/schema.org","@graph":[{"@type":"WebPage","@id":"https:\/\/www.vinoslautaro.cl\/es\/shop\/cabernet-sauvignon\/reserva-blend-cabernet-sauvignon-carmenere-merlot\/","url":"https:\/\/www.vinoslautaro.cl\/es\/shop\/cabernet-sauvignon\/reserva-blend-cabernet-sauvignon-carmenere-merlot\/","name":"RESERVA BLEND CABERNET SAUVIGNON CARMENERE MERLOT - Lautaro Wines","isPartOf":{"@id":"https:\/\/www.vinoslautaro.cl\/es\/#website"},"primaryImageOfPage":{"@id":"https:\/\/www.vinoslautaro.cl\/es\/shop\/cabernet-sauvignon\/reserva-blend-cabernet-sauvignon-carmenere-merlot\/#primaryimage"},"image":{"@id":"https:\/\/www.vinoslautaro.cl\/es\/shop\/cabernet-sauvignon\/reserva-blend-cabernet-sauvignon-carmenere-merlot\/#primaryimage"},"thumbnailUrl":"https:\/\/www.vinoslautaro.cl\/es\/wp-content\/uploads\/2020\/10\/Lautaro-Reserva-Cabernet-Sauvignon-Carmenere-Merlot-400.jpg","datePublished":"2020-10-22T19:48:44+00:00","dateModified":"2020-11-06T18:59:45+00:00","breadcrumb":{"@id":"https:\/\/www.vinoslautaro.cl\/es\/shop\/cabernet-sauvignon\/reserva-blend-cabernet-sauvignon-carmenere-merlot\/#breadcrumb"},"inLanguage":"es","potentialAction":[{"@type":"ReadAction","target":["https:\/\/www.vinoslautaro.cl\/es\/shop\/cabernet-sauvignon\/reserva-blend-cabernet-sauvignon-carmenere-merlot\/"]}]},{"@type":"ImageObject","inLanguage":"es","@id":"https:\/\/www.vinoslautaro.cl\/es\/shop\/cabernet-sauvignon\/reserva-blend-cabernet-sauvignon-carmenere-merlot\/#primaryimage","url":"https:\/\/www.vinoslautaro.cl\/es\/wp-content\/uploads\/2020\/10\/Lautaro-Reserva-Cabernet-Sauvignon-Carmenere-Merlot-400.jpg","contentUrl":"https:\/\/www.vinoslautaro.cl\/es\/wp-content\/uploads\/2020\/10\/Lautaro-Reserva-Cabernet-Sauvignon-Carmenere-Merlot-400.jpg","width":400,"height":600,"caption":"Reserva Cabernet Sauvignon Carmenere"},{"@type":"BreadcrumbList","@id":"https:\/\/www.vinoslautaro.cl\/es\/shop\/cabernet-sauvignon\/reserva-blend-cabernet-sauvignon-carmenere-merlot\/#breadcrumb","itemListElement":[{"@type":"ListItem","position":1,"name":"Portada","item":"https:\/\/www.vinoslautaro.cl\/es\/"},{"@type":"ListItem","position":2,"name":"Nuestros Vinos","item":"https:\/\/www.vinoslautaro.cl\/es\/vinos-chile-comercio-justo\/"},{"@type":"ListItem","position":3,"name":"RESERVA BLEND CABERNET SAUVIGNON CARMENERE MERLOT"}]},{"@type":"WebSite","@id":"https:\/\/www.vinoslautaro.cl\/es\/#website","url":"https:\/\/www.vinoslautaro.cl\/es\/","name":"Lautaro Wines","description":"","potentialAction":[{"@type":"SearchAction","target":{"@type":"EntryPoint","urlTemplate":"https:\/\/www.vinoslautaro.cl\/es\/?s={search_term_string}"},"query-input":{"@type":"PropertyValueSpecification","valueRequired":true,"valueName":"search_term_string"}}],"inLanguage":"es"}]}},"_links":{"self":[{"href":"https:\/\/www.vinoslautaro.cl\/es\/wp-json\/wp\/v2\/product\/294","targetHints":{"allow":["GET"]}}],"collection":[{"href":"https:\/\/www.vinoslautaro.cl\/es\/wp-json\/wp\/v2\/product"}],"about":[{"href":"https:\/\/www.vinoslautaro.cl\/es\/wp-json\/wp\/v2\/types\/product"}],"wp:featuredmedia":[{"embeddable":true,"href":"https:\/\/www.vinoslautaro.cl\/es\/wp-json\/wp\/v2\/media\/1628"}],"wp:attachment":[{"href":"https:\/\/www.vinoslautaro.cl\/es\/wp-json\/wp\/v2\/media?parent=294"}],"wp:term":[{"taxonomy":"product_brand","embeddable":true,"href":"https:\/\/www.vinoslautaro.cl\/es\/wp-json\/wp\/v2\/product_brand?post=294"},{"taxonomy":"product_cat","embeddable":true,"href":"https:\/\/www.vinoslautaro.cl\/es\/wp-json\/wp\/v2\/product_cat?post=294"},{"taxonomy":"product_tag","embeddable":true,"href":"https:\/\/www.vinoslautaro.cl\/es\/wp-json\/wp\/v2\/product_tag?post=294"}],"curies":[{"name":"wp","href":"https:\/\/api.w.org\/{rel}","templated":true}]}}