{"id":880,"date":"2020-10-21T10:00:04","date_gmt":"2020-10-21T13:00:04","guid":{"rendered":"http:\/\/www.lautarowines.com\/es\/?page_id=880"},"modified":"2020-10-28T15:45:25","modified_gmt":"2020-10-28T18:45:25","slug":"vision-y-mision","status":"publish","type":"page","link":"https:\/\/www.vinoslautaro.cl\/es\/vision-y-mision\/","title":{"rendered":"Nuestra Visi\u00f3n y Misi\u00f3n"},"content":{"rendered":"\t\t<div data-elementor-type=\"wp-page\" data-elementor-id=\"880\" class=\"elementor elementor-880\" data-elementor-settings=\"[]\">\n\t\t\t\t\t\t<div class=\"elementor-inner\">\n\t\t\t\t\t\t\t<div class=\"elementor-section-wrap\">\n\t\t\t\t\t\t\t<section class=\"elementor-section elementor-top-section elementor-element elementor-element-4a467d3 elementor-section-boxed elementor-section-height-default elementor-section-height-default\" data-id=\"4a467d3\" data-element_type=\"section\">\n\t\t\t\t\t\t<div class=\"elementor-container elementor-column-gap-default\">\n\t\t\t\t\t\t\t<div class=\"elementor-row\">\n\t\t\t\t\t<div class=\"elementor-column elementor-col-100 elementor-top-column elementor-element elementor-element-6073649\" data-id=\"6073649\" data-element_type=\"column\">\n\t\t\t<div class=\"elementor-column-wrap elementor-element-populated\">\n\t\t\t\t\t\t\t<div class=\"elementor-widget-wrap\">\n\t\t\t\t\t\t<div class=\"elementor-element elementor-element-814653d elementor-widget elementor-widget-image\" data-id=\"814653d\" data-element_type=\"widget\" data-widget_type=\"image.default\">\n\t\t\t\t<div class=\"elementor-widget-container\">\n\t\t\t\t\t\t\t\t<div class=\"elementor-image\">\n\t\t\t\t\t\t\t\t\t\t\t\t<img loading=\"lazy\" decoding=\"async\" width=\"1024\" height=\"512\" src=\"https:\/\/www.vinoslautaro.cl\/es\/wp-content\/uploads\/2016\/06\/Mision-and-Vision-Foto-Slider-1024x512.jpg\" class=\"attachment-large size-large\" alt=\"mission and vision\" srcset=\"https:\/\/www.vinoslautaro.cl\/es\/wp-content\/uploads\/2016\/06\/Mision-and-Vision-Foto-Slider-1024x512.jpg 1024w, https:\/\/www.vinoslautaro.cl\/es\/wp-content\/uploads\/2016\/06\/Mision-and-Vision-Foto-Slider-800x400.jpg 800w, https:\/\/www.vinoslautaro.cl\/es\/wp-content\/uploads\/2016\/06\/Mision-and-Vision-Foto-Slider-300x150.jpg 300w, https:\/\/www.vinoslautaro.cl\/es\/wp-content\/uploads\/2016\/06\/Mision-and-Vision-Foto-Slider-768x384.jpg 768w, https:\/\/www.vinoslautaro.cl\/es\/wp-content\/uploads\/2016\/06\/Mision-and-Vision-Foto-Slider.jpg 1200w\" sizes=\"auto, (max-width: 1024px) 100vw, 1024px\" \/>\t\t\t\t\t\t\t\t\t\t\t\t\t\t<\/div>\n\t\t\t\t\t\t<\/div>\n\t\t\t\t<\/div>\n\t\t\t\t\t\t<\/div>\n\t\t\t\t\t<\/div>\n\t\t<\/div>\n\t\t\t\t\t\t\t\t<\/div>\n\t\t\t\t\t<\/div>\n\t\t<\/section>\n\t\t\t\t<section class=\"elementor-section elementor-top-section elementor-element elementor-element-ebbae04 elementor-section-boxed elementor-section-height-default elementor-section-height-default\" data-id=\"ebbae04\" data-element_type=\"section\">\n\t\t\t\t\t\t<div class=\"elementor-container elementor-column-gap-default\">\n\t\t\t\t\t\t\t<div class=\"elementor-row\">\n\t\t\t\t\t<div class=\"elementor-column elementor-col-100 elementor-top-column elementor-element elementor-element-e522378\" data-id=\"e522378\" data-element_type=\"column\">\n\t\t\t<div class=\"elementor-column-wrap elementor-element-populated\">\n\t\t\t\t\t\t\t<div class=\"elementor-widget-wrap\">\n\t\t\t\t\t\t<div class=\"elementor-element elementor-element-c877598 elementor-widget elementor-widget-spacer\" data-id=\"c877598\" data-element_type=\"widget\" data-widget_type=\"spacer.default\">\n\t\t\t\t<div class=\"elementor-widget-container\">\n\t\t\t\t\t<div class=\"elementor-spacer\">\n\t\t\t<div class=\"elementor-spacer-inner\"><\/div>\n\t\t<\/div>\n\t\t\t\t<\/div>\n\t\t\t\t<\/div>\n\t\t\t\t\t\t<\/div>\n\t\t\t\t\t<\/div>\n\t\t<\/div>\n\t\t\t\t\t\t\t\t<\/div>\n\t\t\t\t\t<\/div>\n\t\t<\/section>\n\t\t\t\t<section class=\"elementor-section elementor-top-section elementor-element elementor-element-2537041d elementor-section-boxed elementor-section-height-default elementor-section-height-default\" data-id=\"2537041d\" data-element_type=\"section\">\n\t\t\t\t\t\t<div class=\"elementor-container elementor-column-gap-default\">\n\t\t\t\t\t\t\t<div class=\"elementor-row\">\n\t\t\t\t\t<div class=\"elementor-column elementor-col-100 elementor-top-column elementor-element elementor-element-22e9ebff\" data-id=\"22e9ebff\" data-element_type=\"column\">\n\t\t\t<div class=\"elementor-column-wrap elementor-element-populated\">\n\t\t\t\t\t\t\t<div class=\"elementor-widget-wrap\">\n\t\t\t\t\t\t<div class=\"elementor-element elementor-element-448bb653 elementor-widget elementor-widget-text-editor\" data-id=\"448bb653\" data-element_type=\"widget\" data-widget_type=\"text-editor.default\">\n\t\t\t\t<div class=\"elementor-widget-container\">\n\t\t\t\t\t\t\t\t<div class=\"elementor-text-editor elementor-clearfix\">\n\t\t\t\t<h2>Misi\u00f3n<\/h2><p>Producir el mejor vino posible, generando un impacto positivo en las personas y comunidades involucradas, siendo social, econ\u00f3mica y medioambientalmente sustentables.<\/p><h2>Visi\u00f3n<\/h2><p>Alcanzar el mayor n\u00famero de hogares posible con nuestros vinos Fair Trade y Org\u00e1nicos, siendo un modelo sustentable de desarrollo social, econ\u00f3mico y medioambiental.<\/p>\t\t\t\t\t<\/div>\n\t\t\t\t\t\t<\/div>\n\t\t\t\t<\/div>\n\t\t\t\t\t\t<\/div>\n\t\t\t\t\t<\/div>\n\t\t<\/div>\n\t\t\t\t\t\t\t\t<\/div>\n\t\t\t\t\t<\/div>\n\t\t<\/section>\n\t\t\t\t\t\t<\/div>\n\t\t\t\t\t\t<\/div>\n\t\t\t\t\t<\/div>\n\t\t","protected":false},"excerpt":{"rendered":"<p>Misi\u00f3n Producir el mejor vino posible, generando un impacto positivo en las personas y comunidades involucradas, siendo social, econ\u00f3mica y medioambientalmente sustentables. Visi\u00f3n Alcanzar el mayor n\u00famero de hogares posible con nuestros vinos Fair Trade y Org\u00e1nicos, siendo un modelo sustentable de desarrollo social, econ\u00f3mico y medioambiental.<\/p>\n","protected":false},"author":1,"featured_media":0,"parent":0,"menu_order":0,"comment_status":"closed","ping_status":"closed","template":"","meta":{"footnotes":""},"class_list":["post-880","page","type-page","status-publish","hentry"],"yoast_head":"<!-- This site is optimized with the Yoast SEO plugin v25.5 - https:\/\/yoast.com\/wordpress\/plugins\/seo\/ -->\n<title>Nuestra Visi\u00f3n y Misi\u00f3n - Lautaro Wines<\/title>\n<meta name=\"robots\" content=\"index, follow, max-snippet:-1, max-image-preview:large, max-video-preview:-1\" \/>\n<link rel=\"canonical\" href=\"https:\/\/www.vinoslautaro.cl\/es\/vision-y-mision\/\" \/>\n<meta property=\"og:locale\" content=\"es_ES\" \/>\n<meta property=\"og:type\" content=\"article\" \/>\n<meta property=\"og:title\" content=\"Nuestra Visi\u00f3n y Misi\u00f3n - Lautaro Wines\" \/>\n<meta property=\"og:description\" content=\"Misi\u00f3n Producir el mejor vino posible, generando un impacto positivo en las personas y comunidades involucradas, siendo social, econ\u00f3mica y medioambientalmente sustentables. Visi\u00f3n Alcanzar el mayor n\u00famero de hogares posible con nuestros vinos Fair Trade y Org\u00e1nicos, siendo un modelo sustentable de desarrollo social, econ\u00f3mico y medioambiental.\" \/>\n<meta property=\"og:url\" content=\"https:\/\/www.vinoslautaro.cl\/es\/vision-y-mision\/\" \/>\n<meta property=\"og:site_name\" content=\"Lautaro Wines\" \/>\n<meta property=\"article:modified_time\" content=\"2020-10-28T18:45:25+00:00\" \/>\n<meta property=\"og:image\" content=\"https:\/\/www.vinoslautaro.cl\/es\/wp-content\/uploads\/2016\/06\/Mision-and-Vision-Foto-Slider-1024x512.jpg\" \/>\n<meta name=\"twitter:card\" content=\"summary_large_image\" \/>\n<script type=\"application\/ld+json\" class=\"yoast-schema-graph\">{\"@context\":\"https:\/\/schema.org\",\"@graph\":[{\"@type\":\"WebPage\",\"@id\":\"https:\/\/www.vinoslautaro.cl\/es\/vision-y-mision\/\",\"url\":\"https:\/\/www.vinoslautaro.cl\/es\/vision-y-mision\/\",\"name\":\"Nuestra Visi\u00f3n y Misi\u00f3n - Lautaro Wines\",\"isPartOf\":{\"@id\":\"https:\/\/www.vinoslautaro.cl\/es\/#website\"},\"primaryImageOfPage\":{\"@id\":\"https:\/\/www.vinoslautaro.cl\/es\/vision-y-mision\/#primaryimage\"},\"image\":{\"@id\":\"https:\/\/www.vinoslautaro.cl\/es\/vision-y-mision\/#primaryimage\"},\"thumbnailUrl\":\"https:\/\/www.vinoslautaro.cl\/es\/wp-content\/uploads\/2016\/06\/Mision-and-Vision-Foto-Slider-1024x512.jpg\",\"datePublished\":\"2020-10-21T13:00:04+00:00\",\"dateModified\":\"2020-10-28T18:45:25+00:00\",\"breadcrumb\":{\"@id\":\"https:\/\/www.vinoslautaro.cl\/es\/vision-y-mision\/#breadcrumb\"},\"inLanguage\":\"es\",\"potentialAction\":[{\"@type\":\"ReadAction\",\"target\":[\"https:\/\/www.vinoslautaro.cl\/es\/vision-y-mision\/\"]}]},{\"@type\":\"ImageObject\",\"inLanguage\":\"es\",\"@id\":\"https:\/\/www.vinoslautaro.cl\/es\/vision-y-mision\/#primaryimage\",\"url\":\"https:\/\/www.vinoslautaro.cl\/es\/wp-content\/uploads\/2016\/06\/Mision-and-Vision-Foto-Slider.jpg\",\"contentUrl\":\"https:\/\/www.vinoslautaro.cl\/es\/wp-content\/uploads\/2016\/06\/Mision-and-Vision-Foto-Slider.jpg\",\"width\":1200,\"height\":600,\"caption\":\"mission and vision\"},{\"@type\":\"BreadcrumbList\",\"@id\":\"https:\/\/www.vinoslautaro.cl\/es\/vision-y-mision\/#breadcrumb\",\"itemListElement\":[{\"@type\":\"ListItem\",\"position\":1,\"name\":\"Portada\",\"item\":\"https:\/\/www.vinoslautaro.cl\/es\/\"},{\"@type\":\"ListItem\",\"position\":2,\"name\":\"Nuestra Visi\u00f3n y Misi\u00f3n\"}]},{\"@type\":\"WebSite\",\"@id\":\"https:\/\/www.vinoslautaro.cl\/es\/#website\",\"url\":\"https:\/\/www.vinoslautaro.cl\/es\/\",\"name\":\"Lautaro Wines\",\"description\":\"\",\"potentialAction\":[{\"@type\":\"SearchAction\",\"target\":{\"@type\":\"EntryPoint\",\"urlTemplate\":\"https:\/\/www.vinoslautaro.cl\/es\/?s={search_term_string}\"},\"query-input\":{\"@type\":\"PropertyValueSpecification\",\"valueRequired\":true,\"valueName\":\"search_term_string\"}}],\"inLanguage\":\"es\"}]}<\/script>\n<!-- \/ Yoast SEO plugin. -->","yoast_head_json":{"title":"Nuestra Visi\u00f3n y Misi\u00f3n - Lautaro Wines","robots":{"index":"index","follow":"follow","max-snippet":"max-snippet:-1","max-image-preview":"max-image-preview:large","max-video-preview":"max-video-preview:-1"},"canonical":"https:\/\/www.vinoslautaro.cl\/es\/vision-y-mision\/","og_locale":"es_ES","og_type":"article","og_title":"Nuestra Visi\u00f3n y Misi\u00f3n - Lautaro Wines","og_description":"Misi\u00f3n Producir el mejor vino posible, generando un impacto positivo en las personas y comunidades involucradas, siendo social, econ\u00f3mica y medioambientalmente sustentables. Visi\u00f3n Alcanzar el mayor n\u00famero de hogares posible con nuestros vinos Fair Trade y Org\u00e1nicos, siendo un modelo sustentable de desarrollo social, econ\u00f3mico y medioambiental.","og_url":"https:\/\/www.vinoslautaro.cl\/es\/vision-y-mision\/","og_site_name":"Lautaro Wines","article_modified_time":"2020-10-28T18:45:25+00:00","og_image":[{"url":"https:\/\/www.vinoslautaro.cl\/es\/wp-content\/uploads\/2016\/06\/Mision-and-Vision-Foto-Slider-1024x512.jpg","type":"","width":"","height":""}],"twitter_card":"summary_large_image","schema":{"@context":"https:\/\/schema.org","@graph":[{"@type":"WebPage","@id":"https:\/\/www.vinoslautaro.cl\/es\/vision-y-mision\/","url":"https:\/\/www.vinoslautaro.cl\/es\/vision-y-mision\/","name":"Nuestra Visi\u00f3n y Misi\u00f3n - Lautaro Wines","isPartOf":{"@id":"https:\/\/www.vinoslautaro.cl\/es\/#website"},"primaryImageOfPage":{"@id":"https:\/\/www.vinoslautaro.cl\/es\/vision-y-mision\/#primaryimage"},"image":{"@id":"https:\/\/www.vinoslautaro.cl\/es\/vision-y-mision\/#primaryimage"},"thumbnailUrl":"https:\/\/www.vinoslautaro.cl\/es\/wp-content\/uploads\/2016\/06\/Mision-and-Vision-Foto-Slider-1024x512.jpg","datePublished":"2020-10-21T13:00:04+00:00","dateModified":"2020-10-28T18:45:25+00:00","breadcrumb":{"@id":"https:\/\/www.vinoslautaro.cl\/es\/vision-y-mision\/#breadcrumb"},"inLanguage":"es","potentialAction":[{"@type":"ReadAction","target":["https:\/\/www.vinoslautaro.cl\/es\/vision-y-mision\/"]}]},{"@type":"ImageObject","inLanguage":"es","@id":"https:\/\/www.vinoslautaro.cl\/es\/vision-y-mision\/#primaryimage","url":"https:\/\/www.vinoslautaro.cl\/es\/wp-content\/uploads\/2016\/06\/Mision-and-Vision-Foto-Slider.jpg","contentUrl":"https:\/\/www.vinoslautaro.cl\/es\/wp-content\/uploads\/2016\/06\/Mision-and-Vision-Foto-Slider.jpg","width":1200,"height":600,"caption":"mission and vision"},{"@type":"BreadcrumbList","@id":"https:\/\/www.vinoslautaro.cl\/es\/vision-y-mision\/#breadcrumb","itemListElement":[{"@type":"ListItem","position":1,"name":"Portada","item":"https:\/\/www.vinoslautaro.cl\/es\/"},{"@type":"ListItem","position":2,"name":"Nuestra Visi\u00f3n y Misi\u00f3n"}]},{"@type":"WebSite","@id":"https:\/\/www.vinoslautaro.cl\/es\/#website","url":"https:\/\/www.vinoslautaro.cl\/es\/","name":"Lautaro Wines","description":"","potentialAction":[{"@type":"SearchAction","target":{"@type":"EntryPoint","urlTemplate":"https:\/\/www.vinoslautaro.cl\/es\/?s={search_term_string}"},"query-input":{"@type":"PropertyValueSpecification","valueRequired":true,"valueName":"search_term_string"}}],"inLanguage":"es"}]}},"_links":{"self":[{"href":"https:\/\/www.vinoslautaro.cl\/es\/wp-json\/wp\/v2\/pages\/880","targetHints":{"allow":["GET"]}}],"collection":[{"href":"https:\/\/www.vinoslautaro.cl\/es\/wp-json\/wp\/v2\/pages"}],"about":[{"href":"https:\/\/www.vinoslautaro.cl\/es\/wp-json\/wp\/v2\/types\/page"}],"author":[{"embeddable":true,"href":"https:\/\/www.vinoslautaro.cl\/es\/wp-json\/wp\/v2\/users\/1"}],"replies":[{"embeddable":true,"href":"https:\/\/www.vinoslautaro.cl\/es\/wp-json\/wp\/v2\/comments?post=880"}],"version-history":[{"count":6,"href":"https:\/\/www.vinoslautaro.cl\/es\/wp-json\/wp\/v2\/pages\/880\/revisions"}],"predecessor-version":[{"id":1680,"href":"https:\/\/www.vinoslautaro.cl\/es\/wp-json\/wp\/v2\/pages\/880\/revisions\/1680"}],"wp:attachment":[{"href":"https:\/\/www.vinoslautaro.cl\/es\/wp-json\/wp\/v2\/media?parent=880"}],"curies":[{"name":"wp","href":"https:\/\/api.w.org\/{rel}","templated":true}]}}