{"id":877,"date":"2020-10-21T09:54:15","date_gmt":"2020-10-21T12:54:15","guid":{"rendered":"http:\/\/www.lautarowines.com\/es\/?page_id=877"},"modified":"2020-10-28T17:16:53","modified_gmt":"2020-10-28T20:16:53","slug":"certificaciones","status":"publish","type":"page","link":"https:\/\/www.vinoslautaro.cl\/es\/certificaciones\/","title":{"rendered":"Certificaciones"},"content":{"rendered":"\t\t<div data-elementor-type=\"wp-page\" data-elementor-id=\"877\" class=\"elementor elementor-877\" data-elementor-settings=\"[]\">\n\t\t\t\t\t\t<div class=\"elementor-inner\">\n\t\t\t\t\t\t\t<div class=\"elementor-section-wrap\">\n\t\t\t\t\t\t\t<section class=\"elementor-section elementor-top-section elementor-element elementor-element-f5338ff elementor-section-boxed elementor-section-height-default elementor-section-height-default\" data-id=\"f5338ff\" data-element_type=\"section\">\n\t\t\t\t\t\t<div class=\"elementor-container elementor-column-gap-default\">\n\t\t\t\t\t\t\t<div class=\"elementor-row\">\n\t\t\t\t\t<div class=\"elementor-column elementor-col-100 elementor-top-column elementor-element elementor-element-70acdd46\" data-id=\"70acdd46\" data-element_type=\"column\">\n\t\t\t<div class=\"elementor-column-wrap elementor-element-populated\">\n\t\t\t\t\t\t\t<div class=\"elementor-widget-wrap\">\n\t\t\t\t\t\t<div class=\"elementor-element elementor-element-64a92ba elementor-widget elementor-widget-text-editor\" data-id=\"64a92ba\" data-element_type=\"widget\" data-widget_type=\"text-editor.default\">\n\t\t\t\t<div class=\"elementor-widget-container\">\n\t\t\t\t\t\t\t\t<div class=\"elementor-text-editor elementor-clearfix\">\n\t\t\t\t<h1>Certificaciones<\/h1><p>Estamos orgullosos de ser parte del movimiento del Comercio justo en el mundo, siendo Vinos Lautaro una empresa certificada como Fair Trade desde el a\u00f1o 2002.<\/p><p>El Comercio Justo es una alternativa a las formas convencionales de comercio, la cual promueve una relaci\u00f3n comercial voluntaria, transparente y justa entre productores y compradores.<\/p><p>Se garantiza un precio justo, que permite a los productores cubrir sus costos de producci\u00f3n, obtener una recompensa econ\u00f3mica razonable por su trabajo, lo cual permite la viabilidad de sus actividades en el tiempo.<\/p><p>El respeto irrestricto por los derechos laborales de quienes participan en los procesos productivos y la sustentabilidad medioambiental, son tambi\u00e9n una parte fundamental.<\/p><p>Adicionalmente al precio, se paga una prima, que se utiliza para promover el desarrollo social y econ\u00f3mico de productores y sus familias, trabajadores y comunidades involucradas. Vinos Lautaro emplea su prima en programas educacionales, capacitaci\u00f3n, salud, actividades recreacionales y apoyos especiales en caso de emergencias.<\/p><p>FLO ID de Vinos Lautaro: 4385<\/p>\t\t\t\t\t<\/div>\n\t\t\t\t\t\t<\/div>\n\t\t\t\t<\/div>\n\t\t\t\t\t\t<\/div>\n\t\t\t\t\t<\/div>\n\t\t<\/div>\n\t\t\t\t\t\t\t\t<\/div>\n\t\t\t\t\t<\/div>\n\t\t<\/section>\n\t\t\t\t<section class=\"elementor-section elementor-top-section elementor-element elementor-element-d3fc5b3 elementor-section-boxed elementor-section-height-default elementor-section-height-default\" data-id=\"d3fc5b3\" data-element_type=\"section\">\n\t\t\t\t\t\t<div class=\"elementor-container elementor-column-gap-default\">\n\t\t\t\t\t\t\t<div class=\"elementor-row\">\n\t\t\t\t\t<div class=\"elementor-column elementor-col-100 elementor-top-column elementor-element elementor-element-24f7d76\" data-id=\"24f7d76\" data-element_type=\"column\">\n\t\t\t<div class=\"elementor-column-wrap elementor-element-populated\">\n\t\t\t\t\t\t\t<div class=\"elementor-widget-wrap\">\n\t\t\t\t\t\t<div class=\"elementor-element elementor-element-86e172e elementor-widget elementor-widget-text-editor\" data-id=\"86e172e\" data-element_type=\"widget\" data-widget_type=\"text-editor.default\">\n\t\t\t\t<div class=\"elementor-widget-container\">\n\t\t\t\t\t\t\t\t<div class=\"elementor-text-editor elementor-clearfix\">\n\t\t\t\t<h2>Producci\u00f3n Org\u00e1nica<\/h2><p>Una parte importante de nuestra producci\u00f3n est\u00e1 certificada como Org\u00e1nica, lo cual significa que no hay uso de ning\u00fan tipo de qu\u00edmicos tanto en la producci\u00f3n de la uva, como en la elaboraci\u00f3n del vino, garantizando as\u00ed el cuidado medioambiental y la salud de los consumidores.<\/p>\t\t\t\t\t<\/div>\n\t\t\t\t\t\t<\/div>\n\t\t\t\t<\/div>\n\t\t\t\t\t\t<\/div>\n\t\t\t\t\t<\/div>\n\t\t<\/div>\n\t\t\t\t\t\t\t\t<\/div>\n\t\t\t\t\t<\/div>\n\t\t<\/section>\n\t\t\t\t<section class=\"elementor-section elementor-top-section elementor-element elementor-element-1e85b58 elementor-section-boxed elementor-section-height-default elementor-section-height-default\" data-id=\"1e85b58\" data-element_type=\"section\">\n\t\t\t\t\t\t<div class=\"elementor-container elementor-column-gap-default\">\n\t\t\t\t\t\t\t<div class=\"elementor-row\">\n\t\t\t\t\t<div class=\"elementor-column elementor-col-100 elementor-top-column elementor-element elementor-element-dbd6b7c\" data-id=\"dbd6b7c\" data-element_type=\"column\">\n\t\t\t<div class=\"elementor-column-wrap elementor-element-populated\">\n\t\t\t\t\t\t\t<div class=\"elementor-widget-wrap\">\n\t\t\t\t\t\t<div class=\"elementor-element elementor-element-b23908e elementor-widget elementor-widget-spacer\" data-id=\"b23908e\" data-element_type=\"widget\" data-widget_type=\"spacer.default\">\n\t\t\t\t<div class=\"elementor-widget-container\">\n\t\t\t\t\t<div class=\"elementor-spacer\">\n\t\t\t<div class=\"elementor-spacer-inner\"><\/div>\n\t\t<\/div>\n\t\t\t\t<\/div>\n\t\t\t\t<\/div>\n\t\t\t\t\t\t<\/div>\n\t\t\t\t\t<\/div>\n\t\t<\/div>\n\t\t\t\t\t\t\t\t<\/div>\n\t\t\t\t\t<\/div>\n\t\t<\/section>\n\t\t\t\t<section class=\"elementor-section elementor-top-section elementor-element elementor-element-444cf245 elementor-section-full_width elementor-section-height-default elementor-section-height-default\" data-id=\"444cf245\" data-element_type=\"section\">\n\t\t\t\t\t\t<div class=\"elementor-container elementor-column-gap-default\">\n\t\t\t\t\t\t\t<div class=\"elementor-row\">\n\t\t\t\t\t<div class=\"elementor-column elementor-col-33 elementor-top-column elementor-element elementor-element-3d1da516\" data-id=\"3d1da516\" data-element_type=\"column\">\n\t\t\t<div class=\"elementor-column-wrap elementor-element-populated\">\n\t\t\t\t\t\t\t<div class=\"elementor-widget-wrap\">\n\t\t\t\t\t\t<div class=\"elementor-element elementor-element-67f7de7d elementor-widget elementor-widget-image\" data-id=\"67f7de7d\" data-element_type=\"widget\" data-widget_type=\"image.default\">\n\t\t\t\t<div class=\"elementor-widget-container\">\n\t\t\t\t\t\t\t\t<div class=\"elementor-image\">\n\t\t\t\t\t\t\t\t\t\t\t\t\t<a href=\"http:\/\/www.fairtrade.net\/\" target=\"_blank\">\n\t\t\t\t\t\t\t<img loading=\"lazy\" decoding=\"async\" width=\"200\" height=\"200\" src=\"https:\/\/www.vinoslautaro.cl\/es\/wp-content\/uploads\/2020\/10\/FAIRTRADE-200x200-1.jpg\" class=\"attachment-medium_large size-medium_large\" alt=\"\" srcset=\"https:\/\/www.vinoslautaro.cl\/es\/wp-content\/uploads\/2020\/10\/FAIRTRADE-200x200-1.jpg 200w, https:\/\/www.vinoslautaro.cl\/es\/wp-content\/uploads\/2020\/10\/FAIRTRADE-200x200-1-150x150.jpg 150w, https:\/\/www.vinoslautaro.cl\/es\/wp-content\/uploads\/2020\/10\/FAIRTRADE-200x200-1-24x24.jpg 24w, https:\/\/www.vinoslautaro.cl\/es\/wp-content\/uploads\/2020\/10\/FAIRTRADE-200x200-1-36x36.jpg 36w, https:\/\/www.vinoslautaro.cl\/es\/wp-content\/uploads\/2020\/10\/FAIRTRADE-200x200-1-48x48.jpg 48w, https:\/\/www.vinoslautaro.cl\/es\/wp-content\/uploads\/2020\/10\/FAIRTRADE-200x200-1-100x100.jpg 100w\" sizes=\"auto, (max-width: 200px) 100vw, 200px\" \/>\t\t\t\t\t\t\t\t<\/a>\n\t\t\t\t\t\t\t\t\t\t\t\t\t\t<\/div>\n\t\t\t\t\t\t<\/div>\n\t\t\t\t<\/div>\n\t\t\t\t\t\t<\/div>\n\t\t\t\t\t<\/div>\n\t\t<\/div>\n\t\t\t\t<div class=\"elementor-column elementor-col-33 elementor-top-column elementor-element elementor-element-37503006\" data-id=\"37503006\" data-element_type=\"column\">\n\t\t\t<div class=\"elementor-column-wrap elementor-element-populated\">\n\t\t\t\t\t\t\t<div class=\"elementor-widget-wrap\">\n\t\t\t\t\t\t<div class=\"elementor-element elementor-element-d5b2de1 elementor-widget elementor-widget-image\" data-id=\"d5b2de1\" data-element_type=\"widget\" data-widget_type=\"image.default\">\n\t\t\t\t<div class=\"elementor-widget-container\">\n\t\t\t\t\t\t\t\t<div class=\"elementor-image\">\n\t\t\t\t\t\t\t\t\t\t\t\t\t<a href=\"http:\/\/www.cpl.cl\/\" target=\"_blank\">\n\t\t\t\t\t\t\t<img loading=\"lazy\" decoding=\"async\" width=\"200\" height=\"200\" src=\"https:\/\/www.vinoslautaro.cl\/es\/wp-content\/uploads\/2020\/10\/APL-Acuerdo-de-Produccion-Limpia.jpg\" class=\"attachment-large size-large\" alt=\"\" srcset=\"https:\/\/www.vinoslautaro.cl\/es\/wp-content\/uploads\/2020\/10\/APL-Acuerdo-de-Produccion-Limpia.jpg 200w, https:\/\/www.vinoslautaro.cl\/es\/wp-content\/uploads\/2020\/10\/APL-Acuerdo-de-Produccion-Limpia-150x150.jpg 150w, https:\/\/www.vinoslautaro.cl\/es\/wp-content\/uploads\/2020\/10\/APL-Acuerdo-de-Produccion-Limpia-24x24.jpg 24w, https:\/\/www.vinoslautaro.cl\/es\/wp-content\/uploads\/2020\/10\/APL-Acuerdo-de-Produccion-Limpia-36x36.jpg 36w, https:\/\/www.vinoslautaro.cl\/es\/wp-content\/uploads\/2020\/10\/APL-Acuerdo-de-Produccion-Limpia-48x48.jpg 48w, https:\/\/www.vinoslautaro.cl\/es\/wp-content\/uploads\/2020\/10\/APL-Acuerdo-de-Produccion-Limpia-100x100.jpg 100w\" sizes=\"auto, (max-width: 200px) 100vw, 200px\" \/>\t\t\t\t\t\t\t\t<\/a>\n\t\t\t\t\t\t\t\t\t\t\t\t\t\t<\/div>\n\t\t\t\t\t\t<\/div>\n\t\t\t\t<\/div>\n\t\t\t\t\t\t<\/div>\n\t\t\t\t\t<\/div>\n\t\t<\/div>\n\t\t\t\t<div class=\"elementor-column elementor-col-33 elementor-top-column elementor-element elementor-element-73c4b700\" data-id=\"73c4b700\" data-element_type=\"column\">\n\t\t\t<div class=\"elementor-column-wrap elementor-element-populated\">\n\t\t\t\t\t\t\t<div class=\"elementor-widget-wrap\">\n\t\t\t\t\t\t<div class=\"elementor-element elementor-element-69a3c83d elementor-widget elementor-widget-image\" data-id=\"69a3c83d\" data-element_type=\"widget\" data-widget_type=\"image.default\">\n\t\t\t\t<div class=\"elementor-widget-container\">\n\t\t\t\t\t\t\t\t<div class=\"elementor-image\">\n\t\t\t\t\t\t\t\t\t\t\t\t\t<a href=\"http:\/\/www.ecocert.cl\/\" target=\"_blank\">\n\t\t\t\t\t\t\t<img loading=\"lazy\" decoding=\"async\" width=\"200\" height=\"200\" src=\"https:\/\/www.vinoslautaro.cl\/es\/wp-content\/uploads\/2020\/10\/Ecocert-logo.png\" class=\"attachment-large size-large\" alt=\"\" srcset=\"https:\/\/www.vinoslautaro.cl\/es\/wp-content\/uploads\/2020\/10\/Ecocert-logo.png 200w, https:\/\/www.vinoslautaro.cl\/es\/wp-content\/uploads\/2020\/10\/Ecocert-logo-150x150.png 150w, https:\/\/www.vinoslautaro.cl\/es\/wp-content\/uploads\/2020\/10\/Ecocert-logo-24x24.png 24w, https:\/\/www.vinoslautaro.cl\/es\/wp-content\/uploads\/2020\/10\/Ecocert-logo-36x36.png 36w, https:\/\/www.vinoslautaro.cl\/es\/wp-content\/uploads\/2020\/10\/Ecocert-logo-48x48.png 48w, https:\/\/www.vinoslautaro.cl\/es\/wp-content\/uploads\/2020\/10\/Ecocert-logo-100x100.png 100w\" sizes=\"auto, (max-width: 200px) 100vw, 200px\" \/>\t\t\t\t\t\t\t\t<\/a>\n\t\t\t\t\t\t\t\t\t\t\t\t\t\t<\/div>\n\t\t\t\t\t\t<\/div>\n\t\t\t\t<\/div>\n\t\t\t\t\t\t<\/div>\n\t\t\t\t\t<\/div>\n\t\t<\/div>\n\t\t\t\t\t\t\t\t<\/div>\n\t\t\t\t\t<\/div>\n\t\t<\/section>\n\t\t\t\t<section class=\"elementor-section elementor-top-section elementor-element elementor-element-24b94a6d elementor-section-boxed elementor-section-height-default elementor-section-height-default\" data-id=\"24b94a6d\" data-element_type=\"section\">\n\t\t\t\t\t\t<div class=\"elementor-container elementor-column-gap-default\">\n\t\t\t\t\t\t\t<div class=\"elementor-row\">\n\t\t\t\t\t<div class=\"elementor-column elementor-col-100 elementor-top-column elementor-element elementor-element-9ab5ba2\" data-id=\"9ab5ba2\" data-element_type=\"column\">\n\t\t\t<div class=\"elementor-column-wrap elementor-element-populated\">\n\t\t\t\t\t\t\t<div class=\"elementor-widget-wrap\">\n\t\t\t\t\t\t<div class=\"elementor-element elementor-element-72df74d6 elementor-widget elementor-widget-spacer\" data-id=\"72df74d6\" data-element_type=\"widget\" data-widget_type=\"spacer.default\">\n\t\t\t\t<div class=\"elementor-widget-container\">\n\t\t\t\t\t<div class=\"elementor-spacer\">\n\t\t\t<div class=\"elementor-spacer-inner\"><\/div>\n\t\t<\/div>\n\t\t\t\t<\/div>\n\t\t\t\t<\/div>\n\t\t\t\t\t\t<\/div>\n\t\t\t\t\t<\/div>\n\t\t<\/div>\n\t\t\t\t\t\t\t\t<\/div>\n\t\t\t\t\t<\/div>\n\t\t<\/section>\n\t\t\t\t<section class=\"elementor-section elementor-top-section elementor-element elementor-element-2a98f211 elementor-section-full_width elementor-section-height-default elementor-section-height-default\" data-id=\"2a98f211\" data-element_type=\"section\">\n\t\t\t\t\t\t<div class=\"elementor-container elementor-column-gap-default\">\n\t\t\t\t\t\t\t<div class=\"elementor-row\">\n\t\t\t\t\t<div class=\"elementor-column elementor-col-33 elementor-top-column elementor-element elementor-element-1b97c914\" data-id=\"1b97c914\" data-element_type=\"column\">\n\t\t\t<div class=\"elementor-column-wrap elementor-element-populated\">\n\t\t\t\t\t\t\t<div class=\"elementor-widget-wrap\">\n\t\t\t\t\t\t<div class=\"elementor-element elementor-element-1a029472 elementor-widget elementor-widget-image\" data-id=\"1a029472\" data-element_type=\"widget\" data-widget_type=\"image.default\">\n\t\t\t\t<div class=\"elementor-widget-container\">\n\t\t\t\t\t\t\t\t<div class=\"elementor-image\">\n\t\t\t\t\t\t\t\t\t\t\t\t\t<a href=\"http:\/\/ec.europa.eu\/agriculture\/organic\/index_en\" target=\"_blank\">\n\t\t\t\t\t\t\t<img loading=\"lazy\" decoding=\"async\" width=\"200\" height=\"200\" src=\"https:\/\/www.vinoslautaro.cl\/es\/wp-content\/uploads\/2020\/10\/EU-Organic-Farming-Logo-200x200-1.jpg\" class=\"attachment-large size-large\" alt=\"\" srcset=\"https:\/\/www.vinoslautaro.cl\/es\/wp-content\/uploads\/2020\/10\/EU-Organic-Farming-Logo-200x200-1.jpg 200w, https:\/\/www.vinoslautaro.cl\/es\/wp-content\/uploads\/2020\/10\/EU-Organic-Farming-Logo-200x200-1-150x150.jpg 150w, https:\/\/www.vinoslautaro.cl\/es\/wp-content\/uploads\/2020\/10\/EU-Organic-Farming-Logo-200x200-1-24x24.jpg 24w, https:\/\/www.vinoslautaro.cl\/es\/wp-content\/uploads\/2020\/10\/EU-Organic-Farming-Logo-200x200-1-36x36.jpg 36w, https:\/\/www.vinoslautaro.cl\/es\/wp-content\/uploads\/2020\/10\/EU-Organic-Farming-Logo-200x200-1-48x48.jpg 48w, https:\/\/www.vinoslautaro.cl\/es\/wp-content\/uploads\/2020\/10\/EU-Organic-Farming-Logo-200x200-1-100x100.jpg 100w\" sizes=\"auto, (max-width: 200px) 100vw, 200px\" \/>\t\t\t\t\t\t\t\t<\/a>\n\t\t\t\t\t\t\t\t\t\t\t\t\t\t<\/div>\n\t\t\t\t\t\t<\/div>\n\t\t\t\t<\/div>\n\t\t\t\t\t\t<\/div>\n\t\t\t\t\t<\/div>\n\t\t<\/div>\n\t\t\t\t<div class=\"elementor-column elementor-col-33 elementor-top-column elementor-element elementor-element-2b7a1e12\" data-id=\"2b7a1e12\" data-element_type=\"column\">\n\t\t\t<div class=\"elementor-column-wrap elementor-element-populated\">\n\t\t\t\t\t\t\t<div class=\"elementor-widget-wrap\">\n\t\t\t\t\t\t<div class=\"elementor-element elementor-element-64e35a6a elementor-widget elementor-widget-image\" data-id=\"64e35a6a\" data-element_type=\"widget\" data-widget_type=\"image.default\">\n\t\t\t\t<div class=\"elementor-widget-container\">\n\t\t\t\t\t\t\t\t<div class=\"elementor-image\">\n\t\t\t\t\t\t\t\t\t\t\t\t\t<a href=\"https:\/\/www.usda.gov\/wps\/portal\/usda\/usdahome?navid=organic-agriculture\" target=\"_blank\">\n\t\t\t\t\t\t\t<img loading=\"lazy\" decoding=\"async\" width=\"200\" height=\"200\" src=\"https:\/\/www.vinoslautaro.cl\/es\/wp-content\/uploads\/2020\/10\/Logo-USDA-Organic.jpg\" class=\"attachment-large size-large\" alt=\"\" srcset=\"https:\/\/www.vinoslautaro.cl\/es\/wp-content\/uploads\/2020\/10\/Logo-USDA-Organic.jpg 200w, https:\/\/www.vinoslautaro.cl\/es\/wp-content\/uploads\/2020\/10\/Logo-USDA-Organic-150x150.jpg 150w, https:\/\/www.vinoslautaro.cl\/es\/wp-content\/uploads\/2020\/10\/Logo-USDA-Organic-24x24.jpg 24w, https:\/\/www.vinoslautaro.cl\/es\/wp-content\/uploads\/2020\/10\/Logo-USDA-Organic-36x36.jpg 36w, https:\/\/www.vinoslautaro.cl\/es\/wp-content\/uploads\/2020\/10\/Logo-USDA-Organic-48x48.jpg 48w, https:\/\/www.vinoslautaro.cl\/es\/wp-content\/uploads\/2020\/10\/Logo-USDA-Organic-100x100.jpg 100w\" sizes=\"auto, (max-width: 200px) 100vw, 200px\" \/>\t\t\t\t\t\t\t\t<\/a>\n\t\t\t\t\t\t\t\t\t\t\t\t\t\t<\/div>\n\t\t\t\t\t\t<\/div>\n\t\t\t\t<\/div>\n\t\t\t\t\t\t<\/div>\n\t\t\t\t\t<\/div>\n\t\t<\/div>\n\t\t\t\t<div class=\"elementor-column elementor-col-33 elementor-top-column elementor-element elementor-element-3de9307c\" data-id=\"3de9307c\" data-element_type=\"column\">\n\t\t\t<div class=\"elementor-column-wrap\">\n\t\t\t\t\t\t\t<div class=\"elementor-widget-wrap\">\n\t\t\t\t\t\t\t\t<\/div>\n\t\t\t\t\t<\/div>\n\t\t<\/div>\n\t\t\t\t\t\t\t\t<\/div>\n\t\t\t\t\t<\/div>\n\t\t<\/section>\n\t\t\t\t<section class=\"elementor-section elementor-top-section elementor-element elementor-element-b1b278f elementor-section-boxed elementor-section-height-default elementor-section-height-default\" data-id=\"b1b278f\" data-element_type=\"section\">\n\t\t\t\t\t\t<div class=\"elementor-container elementor-column-gap-default\">\n\t\t\t\t\t\t\t<div class=\"elementor-row\">\n\t\t\t\t\t<div class=\"elementor-column elementor-col-100 elementor-top-column elementor-element elementor-element-f542f34\" data-id=\"f542f34\" data-element_type=\"column\">\n\t\t\t<div class=\"elementor-column-wrap elementor-element-populated\">\n\t\t\t\t\t\t\t<div class=\"elementor-widget-wrap\">\n\t\t\t\t\t\t<div class=\"elementor-element elementor-element-50de402 elementor-widget elementor-widget-spacer\" data-id=\"50de402\" data-element_type=\"widget\" data-widget_type=\"spacer.default\">\n\t\t\t\t<div class=\"elementor-widget-container\">\n\t\t\t\t\t<div class=\"elementor-spacer\">\n\t\t\t<div class=\"elementor-spacer-inner\"><\/div>\n\t\t<\/div>\n\t\t\t\t<\/div>\n\t\t\t\t<\/div>\n\t\t\t\t\t\t<\/div>\n\t\t\t\t\t<\/div>\n\t\t<\/div>\n\t\t\t\t\t\t\t\t<\/div>\n\t\t\t\t\t<\/div>\n\t\t<\/section>\n\t\t\t\t\t\t<\/div>\n\t\t\t\t\t\t<\/div>\n\t\t\t\t\t<\/div>\n\t\t","protected":false},"excerpt":{"rendered":"<p>Certificaciones Estamos orgullosos de ser parte del movimiento del Comercio justo en el mundo, siendo Vinos Lautaro una empresa certificada como Fair Trade desde el a\u00f1o 2002. El Comercio Justo es una alternativa a las formas convencionales de comercio, la cual promueve una relaci\u00f3n comercial voluntaria, transparente y justa entre productores y compradores. Se garantiza [&hellip;]<\/p>\n","protected":false},"author":1,"featured_media":0,"parent":0,"menu_order":0,"comment_status":"closed","ping_status":"closed","template":"","meta":{"footnotes":""},"class_list":["post-877","page","type-page","status-publish","hentry"],"yoast_head":"<!-- This site is optimized with the Yoast SEO plugin v25.5 - https:\/\/yoast.com\/wordpress\/plugins\/seo\/ -->\n<title>Certificaciones - Lautaro Wines<\/title>\n<meta name=\"robots\" content=\"index, follow, max-snippet:-1, max-image-preview:large, max-video-preview:-1\" \/>\n<link rel=\"canonical\" href=\"https:\/\/www.vinoslautaro.cl\/es\/certificaciones\/\" \/>\n<meta property=\"og:locale\" content=\"es_ES\" \/>\n<meta property=\"og:type\" content=\"article\" \/>\n<meta property=\"og:title\" content=\"Certificaciones - Lautaro Wines\" \/>\n<meta property=\"og:description\" content=\"Certificaciones Estamos orgullosos de ser parte del movimiento del Comercio justo en el mundo, siendo Vinos Lautaro una empresa certificada como Fair Trade desde el a\u00f1o 2002. El Comercio Justo es una alternativa a las formas convencionales de comercio, la cual promueve una relaci\u00f3n comercial voluntaria, transparente y justa entre productores y compradores. Se garantiza [&hellip;]\" \/>\n<meta property=\"og:url\" content=\"https:\/\/www.vinoslautaro.cl\/es\/certificaciones\/\" \/>\n<meta property=\"og:site_name\" content=\"Lautaro Wines\" \/>\n<meta property=\"article:modified_time\" content=\"2020-10-28T20:16:53+00:00\" \/>\n<meta property=\"og:image\" content=\"https:\/\/www.vinoslautaro.cl\/es\/wp-content\/uploads\/2020\/10\/FAIRTRADE-200x200-1.jpg\" \/>\n<meta name=\"twitter:card\" content=\"summary_large_image\" \/>\n<meta name=\"twitter:label1\" content=\"Tiempo de lectura\" \/>\n\t<meta name=\"twitter:data1\" content=\"1 minuto\" \/>\n<script type=\"application\/ld+json\" class=\"yoast-schema-graph\">{\"@context\":\"https:\/\/schema.org\",\"@graph\":[{\"@type\":\"WebPage\",\"@id\":\"https:\/\/www.vinoslautaro.cl\/es\/certificaciones\/\",\"url\":\"https:\/\/www.vinoslautaro.cl\/es\/certificaciones\/\",\"name\":\"Certificaciones - Lautaro Wines\",\"isPartOf\":{\"@id\":\"https:\/\/www.vinoslautaro.cl\/es\/#website\"},\"primaryImageOfPage\":{\"@id\":\"https:\/\/www.vinoslautaro.cl\/es\/certificaciones\/#primaryimage\"},\"image\":{\"@id\":\"https:\/\/www.vinoslautaro.cl\/es\/certificaciones\/#primaryimage\"},\"thumbnailUrl\":\"https:\/\/www.vinoslautaro.cl\/es\/wp-content\/uploads\/2020\/10\/FAIRTRADE-200x200-1.jpg\",\"datePublished\":\"2020-10-21T12:54:15+00:00\",\"dateModified\":\"2020-10-28T20:16:53+00:00\",\"breadcrumb\":{\"@id\":\"https:\/\/www.vinoslautaro.cl\/es\/certificaciones\/#breadcrumb\"},\"inLanguage\":\"es\",\"potentialAction\":[{\"@type\":\"ReadAction\",\"target\":[\"https:\/\/www.vinoslautaro.cl\/es\/certificaciones\/\"]}]},{\"@type\":\"ImageObject\",\"inLanguage\":\"es\",\"@id\":\"https:\/\/www.vinoslautaro.cl\/es\/certificaciones\/#primaryimage\",\"url\":\"https:\/\/www.vinoslautaro.cl\/es\/wp-content\/uploads\/2020\/10\/FAIRTRADE-200x200-1.jpg\",\"contentUrl\":\"https:\/\/www.vinoslautaro.cl\/es\/wp-content\/uploads\/2020\/10\/FAIRTRADE-200x200-1.jpg\",\"width\":200,\"height\":200},{\"@type\":\"BreadcrumbList\",\"@id\":\"https:\/\/www.vinoslautaro.cl\/es\/certificaciones\/#breadcrumb\",\"itemListElement\":[{\"@type\":\"ListItem\",\"position\":1,\"name\":\"Portada\",\"item\":\"https:\/\/www.vinoslautaro.cl\/es\/\"},{\"@type\":\"ListItem\",\"position\":2,\"name\":\"Certificaciones\"}]},{\"@type\":\"WebSite\",\"@id\":\"https:\/\/www.vinoslautaro.cl\/es\/#website\",\"url\":\"https:\/\/www.vinoslautaro.cl\/es\/\",\"name\":\"Lautaro Wines\",\"description\":\"\",\"potentialAction\":[{\"@type\":\"SearchAction\",\"target\":{\"@type\":\"EntryPoint\",\"urlTemplate\":\"https:\/\/www.vinoslautaro.cl\/es\/?s={search_term_string}\"},\"query-input\":{\"@type\":\"PropertyValueSpecification\",\"valueRequired\":true,\"valueName\":\"search_term_string\"}}],\"inLanguage\":\"es\"}]}<\/script>\n<!-- \/ Yoast SEO plugin. -->","yoast_head_json":{"title":"Certificaciones - Lautaro Wines","robots":{"index":"index","follow":"follow","max-snippet":"max-snippet:-1","max-image-preview":"max-image-preview:large","max-video-preview":"max-video-preview:-1"},"canonical":"https:\/\/www.vinoslautaro.cl\/es\/certificaciones\/","og_locale":"es_ES","og_type":"article","og_title":"Certificaciones - Lautaro Wines","og_description":"Certificaciones Estamos orgullosos de ser parte del movimiento del Comercio justo en el mundo, siendo Vinos Lautaro una empresa certificada como Fair Trade desde el a\u00f1o 2002. El Comercio Justo es una alternativa a las formas convencionales de comercio, la cual promueve una relaci\u00f3n comercial voluntaria, transparente y justa entre productores y compradores. Se garantiza [&hellip;]","og_url":"https:\/\/www.vinoslautaro.cl\/es\/certificaciones\/","og_site_name":"Lautaro Wines","article_modified_time":"2020-10-28T20:16:53+00:00","og_image":[{"url":"https:\/\/www.vinoslautaro.cl\/es\/wp-content\/uploads\/2020\/10\/FAIRTRADE-200x200-1.jpg","type":"","width":"","height":""}],"twitter_card":"summary_large_image","twitter_misc":{"Tiempo de lectura":"1 minuto"},"schema":{"@context":"https:\/\/schema.org","@graph":[{"@type":"WebPage","@id":"https:\/\/www.vinoslautaro.cl\/es\/certificaciones\/","url":"https:\/\/www.vinoslautaro.cl\/es\/certificaciones\/","name":"Certificaciones - Lautaro Wines","isPartOf":{"@id":"https:\/\/www.vinoslautaro.cl\/es\/#website"},"primaryImageOfPage":{"@id":"https:\/\/www.vinoslautaro.cl\/es\/certificaciones\/#primaryimage"},"image":{"@id":"https:\/\/www.vinoslautaro.cl\/es\/certificaciones\/#primaryimage"},"thumbnailUrl":"https:\/\/www.vinoslautaro.cl\/es\/wp-content\/uploads\/2020\/10\/FAIRTRADE-200x200-1.jpg","datePublished":"2020-10-21T12:54:15+00:00","dateModified":"2020-10-28T20:16:53+00:00","breadcrumb":{"@id":"https:\/\/www.vinoslautaro.cl\/es\/certificaciones\/#breadcrumb"},"inLanguage":"es","potentialAction":[{"@type":"ReadAction","target":["https:\/\/www.vinoslautaro.cl\/es\/certificaciones\/"]}]},{"@type":"ImageObject","inLanguage":"es","@id":"https:\/\/www.vinoslautaro.cl\/es\/certificaciones\/#primaryimage","url":"https:\/\/www.vinoslautaro.cl\/es\/wp-content\/uploads\/2020\/10\/FAIRTRADE-200x200-1.jpg","contentUrl":"https:\/\/www.vinoslautaro.cl\/es\/wp-content\/uploads\/2020\/10\/FAIRTRADE-200x200-1.jpg","width":200,"height":200},{"@type":"BreadcrumbList","@id":"https:\/\/www.vinoslautaro.cl\/es\/certificaciones\/#breadcrumb","itemListElement":[{"@type":"ListItem","position":1,"name":"Portada","item":"https:\/\/www.vinoslautaro.cl\/es\/"},{"@type":"ListItem","position":2,"name":"Certificaciones"}]},{"@type":"WebSite","@id":"https:\/\/www.vinoslautaro.cl\/es\/#website","url":"https:\/\/www.vinoslautaro.cl\/es\/","name":"Lautaro Wines","description":"","potentialAction":[{"@type":"SearchAction","target":{"@type":"EntryPoint","urlTemplate":"https:\/\/www.vinoslautaro.cl\/es\/?s={search_term_string}"},"query-input":{"@type":"PropertyValueSpecification","valueRequired":true,"valueName":"search_term_string"}}],"inLanguage":"es"}]}},"_links":{"self":[{"href":"https:\/\/www.vinoslautaro.cl\/es\/wp-json\/wp\/v2\/pages\/877","targetHints":{"allow":["GET"]}}],"collection":[{"href":"https:\/\/www.vinoslautaro.cl\/es\/wp-json\/wp\/v2\/pages"}],"about":[{"href":"https:\/\/www.vinoslautaro.cl\/es\/wp-json\/wp\/v2\/types\/page"}],"author":[{"embeddable":true,"href":"https:\/\/www.vinoslautaro.cl\/es\/wp-json\/wp\/v2\/users\/1"}],"replies":[{"embeddable":true,"href":"https:\/\/www.vinoslautaro.cl\/es\/wp-json\/wp\/v2\/comments?post=877"}],"version-history":[{"count":24,"href":"https:\/\/www.vinoslautaro.cl\/es\/wp-json\/wp\/v2\/pages\/877\/revisions"}],"predecessor-version":[{"id":1705,"href":"https:\/\/www.vinoslautaro.cl\/es\/wp-json\/wp\/v2\/pages\/877\/revisions\/1705"}],"wp:attachment":[{"href":"https:\/\/www.vinoslautaro.cl\/es\/wp-json\/wp\/v2\/media?parent=877"}],"curies":[{"name":"wp","href":"https:\/\/api.w.org\/{rel}","templated":true}]}}