{"id":551,"date":"2020-10-21T15:23:37","date_gmt":"2020-10-21T18:23:37","guid":{"rendered":"http:\/\/www.lautarowines.com\/?page_id=551"},"modified":"2020-10-28T16:37:32","modified_gmt":"2020-10-28T19:37:32","slug":"valle-de-sagrada-familia","status":"publish","type":"page","link":"https:\/\/www.vinoslautaro.cl\/es\/valle-de-sagrada-familia\/","title":{"rendered":"Valle de Sagrada Familia"},"content":{"rendered":"\t\t<div data-elementor-type=\"wp-page\" data-elementor-id=\"551\" class=\"elementor elementor-551\" data-elementor-settings=\"[]\">\n\t\t\t\t\t\t<div class=\"elementor-inner\">\n\t\t\t\t\t\t\t<div class=\"elementor-section-wrap\">\n\t\t\t\t\t\t\t<section class=\"elementor-section elementor-top-section elementor-element elementor-element-42e9075 elementor-section-boxed elementor-section-height-default elementor-section-height-default\" data-id=\"42e9075\" data-element_type=\"section\">\n\t\t\t\t\t\t<div class=\"elementor-container elementor-column-gap-default\">\n\t\t\t\t\t\t\t<div class=\"elementor-row\">\n\t\t\t\t\t<div class=\"elementor-column elementor-col-100 elementor-top-column elementor-element elementor-element-d1dbfc6\" data-id=\"d1dbfc6\" data-element_type=\"column\">\n\t\t\t<div class=\"elementor-column-wrap elementor-element-populated\">\n\t\t\t\t\t\t\t<div class=\"elementor-widget-wrap\">\n\t\t\t\t\t\t<div class=\"elementor-element elementor-element-65c4b58 elementor-arrows-position-inside elementor-pagination-position-outside elementor-widget elementor-widget-image-carousel\" data-id=\"65c4b58\" data-element_type=\"widget\" data-settings=\"{&quot;slides_to_show&quot;:&quot;1&quot;,&quot;navigation&quot;:&quot;both&quot;,&quot;autoplay&quot;:&quot;yes&quot;,&quot;pause_on_hover&quot;:&quot;yes&quot;,&quot;pause_on_interaction&quot;:&quot;yes&quot;,&quot;autoplay_speed&quot;:5000,&quot;infinite&quot;:&quot;yes&quot;,&quot;effect&quot;:&quot;slide&quot;,&quot;speed&quot;:500}\" data-widget_type=\"image-carousel.default\">\n\t\t\t\t<div class=\"elementor-widget-container\">\n\t\t\t\t\t<div class=\"elementor-image-carousel-wrapper swiper-container\" dir=\"ltr\">\n\t\t\t<div class=\"elementor-image-carousel swiper-wrapper\">\n\t\t\t\t\t\t\t\t<div class=\"swiper-slide\"><figure class=\"swiper-slide-inner\"><img decoding=\"async\" class=\"swiper-slide-image\" src=\"https:\/\/www.vinoslautaro.cl\/es\/wp-content\/uploads\/2016\/08\/Curico-Mapa-v3-1024x490.jpg\" alt=\"Valle de Curico Chile\" \/><\/figure><\/div><div class=\"swiper-slide\"><figure class=\"swiper-slide-inner\"><img decoding=\"async\" class=\"swiper-slide-image\" src=\"https:\/\/www.vinoslautaro.cl\/es\/wp-content\/uploads\/2016\/08\/Curico-Valley-Lautaro-Wines-Vino-1024x490.jpg\" alt=\"Valle de Curico\" \/><\/figure><\/div>\t\t\t<\/div>\n\t\t\t\t\t\t\t\t\t\t\t\t<div class=\"swiper-pagination\"><\/div>\n\t\t\t\t\t\t\t\t\t\t\t\t\t<div class=\"elementor-swiper-button elementor-swiper-button-prev\">\n\t\t\t\t\t\t<i aria-hidden=\"true\" class=\"eicon-chevron-left\"><\/i>\t\t\t\t\t\t<span class=\"elementor-screen-only\">Anterior<\/span>\n\t\t\t\t\t<\/div>\n\t\t\t\t\t<div class=\"elementor-swiper-button elementor-swiper-button-next\">\n\t\t\t\t\t\t<i aria-hidden=\"true\" class=\"eicon-chevron-right\"><\/i>\t\t\t\t\t\t<span class=\"elementor-screen-only\">Siguiente<\/span>\n\t\t\t\t\t<\/div>\n\t\t\t\t\t\t\t\t\t<\/div>\n\t\t\t\t<\/div>\n\t\t\t\t<\/div>\n\t\t\t\t\t\t<\/div>\n\t\t\t\t\t<\/div>\n\t\t<\/div>\n\t\t\t\t\t\t\t\t<\/div>\n\t\t\t\t\t<\/div>\n\t\t<\/section>\n\t\t\t\t<section class=\"elementor-section elementor-top-section elementor-element elementor-element-21fe156 elementor-section-boxed elementor-section-height-default elementor-section-height-default\" data-id=\"21fe156\" data-element_type=\"section\">\n\t\t\t\t\t\t<div class=\"elementor-container elementor-column-gap-default\">\n\t\t\t\t\t\t\t<div class=\"elementor-row\">\n\t\t\t\t\t<div class=\"elementor-column elementor-col-100 elementor-top-column elementor-element elementor-element-796edd1\" data-id=\"796edd1\" data-element_type=\"column\">\n\t\t\t<div class=\"elementor-column-wrap\">\n\t\t\t\t\t\t\t<div class=\"elementor-widget-wrap\">\n\t\t\t\t\t\t\t\t<\/div>\n\t\t\t\t\t<\/div>\n\t\t<\/div>\n\t\t\t\t\t\t\t\t<\/div>\n\t\t\t\t\t<\/div>\n\t\t<\/section>\n\t\t\t\t<section class=\"elementor-section elementor-top-section elementor-element elementor-element-45a79c3 elementor-section-boxed elementor-section-height-default elementor-section-height-default\" data-id=\"45a79c3\" data-element_type=\"section\">\n\t\t\t\t\t\t<div class=\"elementor-container elementor-column-gap-default\">\n\t\t\t\t\t\t\t<div class=\"elementor-row\">\n\t\t\t\t\t<div class=\"elementor-column elementor-col-100 elementor-top-column elementor-element elementor-element-fdc38f8\" data-id=\"fdc38f8\" data-element_type=\"column\">\n\t\t\t<div class=\"elementor-column-wrap elementor-element-populated\">\n\t\t\t\t\t\t\t<div class=\"elementor-widget-wrap\">\n\t\t\t\t\t\t<div class=\"elementor-element elementor-element-5d6fbbc elementor-widget elementor-widget-text-editor\" data-id=\"5d6fbbc\" data-element_type=\"widget\" data-widget_type=\"text-editor.default\">\n\t\t\t\t<div class=\"elementor-widget-container\">\n\t\t\t\t\t\t\t\t<div class=\"elementor-text-editor elementor-clearfix\">\n\t\t\t\t<h1>Valle de Sagrada Familia<\/h1><p>Chile es conocido como un para\u00edso para la producci\u00f3n de vinos, dado en una importante medida por sus barreras geogr\u00e1ficas \u00fanicas en el mundo; el desierto de Atacama en el norte, la majestuosa cordillera de los Andes al este, los hielos Ant\u00e1rticos al sur y las fr\u00edas corrientes del oc\u00e9ano Pac\u00edfico al oeste.<\/p><p>La historia de la producci\u00f3n de vinos en Chile data del siglo XVI, con la introducci\u00f3n de uvas vin\u00edferas por parte de los conquistadores Espa\u00f1oles en el nuevo mundo.<\/p><p>Dentro de los diferentes valles vitivin\u00edcolas, el Valle de Sagrada Familia (parte del Valle de Curic\u00f3), ubicado en el paralelo 35\u00b0 sur a unos 200 kil\u00f3metros al sur de la capital de Chile, Santiago, posee un clima templado mediterr\u00e1neo con las estaciones marcadas y muy bien definidas, con veranos calurosos e inviernos moderadamente fr\u00edos, m\u00e1s las transiciones templadas de oto\u00f1o y primavera.<\/p><p>Las lluvias se concentran mayoritariamente en invierno, con una pluviometr\u00eda en torno a los 600 mm\/a\u00f1o y una amplitud t\u00e9rmica diaria de 15\u00b0 Celsius. Asimismo, el valle posee excelentes condiciones de ventilaci\u00f3n, con preeminencia de vientos fr\u00edos que penetran desde el poniente, donde se ubica el Oc\u00e9ano Pac\u00edfico y que enfr\u00edan las tardes de primavera y verano.<\/p><p>Es uno de los cinco lugares en el mundo donde se encuentran estas condiciones, primordiales para el \u00f3ptimo desarrollo fenol\u00f3gico de la vid vin\u00edfera.<\/p><p>Los productores y socios de Vinos Lautaro tienen sus campos ubicados en las cercan\u00edas del peque\u00f1o poblado de Sagrada Familia (ubicado a unos 15 kil\u00f3metros al oeste de la ciudad de Curic\u00f3), abarcando en conjunto sus plantaciones cercanas a las 60 hect\u00e1reas. La mayor parte de los vinos Lautaro, tiene Denominaci\u00f3n de Origen Sagrada Familia, parte del subvalle de Lontu\u00e9, el cual a su vez forma parte del Valle de Curic\u00f3.<\/p>\t\t\t\t\t<\/div>\n\t\t\t\t\t\t<\/div>\n\t\t\t\t<\/div>\n\t\t\t\t\t\t<\/div>\n\t\t\t\t\t<\/div>\n\t\t<\/div>\n\t\t\t\t\t\t\t\t<\/div>\n\t\t\t\t\t<\/div>\n\t\t<\/section>\n\t\t\t\t\t\t<\/div>\n\t\t\t\t\t\t<\/div>\n\t\t\t\t\t<\/div>\n\t\t","protected":false},"excerpt":{"rendered":"<p>Anterior Siguiente Valle de Sagrada Familia Chile es conocido como un para\u00edso para la producci\u00f3n de vinos, dado en una importante medida por sus barreras geogr\u00e1ficas \u00fanicas en el mundo; el desierto de Atacama en el norte, la majestuosa cordillera de los Andes al este, los hielos Ant\u00e1rticos al sur y las fr\u00edas corrientes del [&hellip;]<\/p>\n","protected":false},"author":1,"featured_media":0,"parent":0,"menu_order":0,"comment_status":"closed","ping_status":"closed","template":"","meta":{"footnotes":""},"class_list":["post-551","page","type-page","status-publish","hentry"],"yoast_head":"<!-- This site is optimized with the Yoast SEO plugin v25.5 - https:\/\/yoast.com\/wordpress\/plugins\/seo\/ -->\n<title>Valle de Sagrada Familia - Lautaro Wines<\/title>\n<meta name=\"robots\" content=\"index, follow, max-snippet:-1, max-image-preview:large, max-video-preview:-1\" \/>\n<link rel=\"canonical\" href=\"https:\/\/www.vinoslautaro.cl\/es\/valle-de-sagrada-familia\/\" \/>\n<meta property=\"og:locale\" content=\"es_ES\" \/>\n<meta property=\"og:type\" content=\"article\" \/>\n<meta property=\"og:title\" content=\"Valle de Sagrada Familia - Lautaro Wines\" \/>\n<meta property=\"og:description\" content=\"Anterior Siguiente Valle de Sagrada Familia Chile es conocido como un para\u00edso para la producci\u00f3n de vinos, dado en una importante medida por sus barreras geogr\u00e1ficas \u00fanicas en el mundo; el desierto de Atacama en el norte, la majestuosa cordillera de los Andes al este, los hielos Ant\u00e1rticos al sur y las fr\u00edas corrientes del [&hellip;]\" \/>\n<meta property=\"og:url\" content=\"https:\/\/www.vinoslautaro.cl\/es\/valle-de-sagrada-familia\/\" \/>\n<meta property=\"og:site_name\" content=\"Lautaro Wines\" \/>\n<meta property=\"article:modified_time\" content=\"2020-10-28T19:37:32+00:00\" \/>\n<meta property=\"og:image\" content=\"https:\/\/www.vinoslautaro.cl\/es\/wp-content\/uploads\/2016\/08\/Curico-Mapa-v3-1024x490.jpg\" \/>\n<meta name=\"twitter:card\" content=\"summary_large_image\" \/>\n<meta name=\"twitter:label1\" content=\"Tiempo de lectura\" \/>\n\t<meta name=\"twitter:data1\" content=\"2 minutos\" \/>\n<script type=\"application\/ld+json\" class=\"yoast-schema-graph\">{\"@context\":\"https:\/\/schema.org\",\"@graph\":[{\"@type\":\"WebPage\",\"@id\":\"https:\/\/www.vinoslautaro.cl\/es\/valle-de-sagrada-familia\/\",\"url\":\"https:\/\/www.vinoslautaro.cl\/es\/valle-de-sagrada-familia\/\",\"name\":\"Valle de Sagrada Familia - Lautaro Wines\",\"isPartOf\":{\"@id\":\"https:\/\/www.vinoslautaro.cl\/es\/#website\"},\"primaryImageOfPage\":{\"@id\":\"https:\/\/www.vinoslautaro.cl\/es\/valle-de-sagrada-familia\/#primaryimage\"},\"image\":{\"@id\":\"https:\/\/www.vinoslautaro.cl\/es\/valle-de-sagrada-familia\/#primaryimage\"},\"thumbnailUrl\":\"https:\/\/www.vinoslautaro.cl\/es\/wp-content\/uploads\/2016\/08\/Curico-Mapa-v3-1024x490.jpg\",\"datePublished\":\"2020-10-21T18:23:37+00:00\",\"dateModified\":\"2020-10-28T19:37:32+00:00\",\"breadcrumb\":{\"@id\":\"https:\/\/www.vinoslautaro.cl\/es\/valle-de-sagrada-familia\/#breadcrumb\"},\"inLanguage\":\"es\",\"potentialAction\":[{\"@type\":\"ReadAction\",\"target\":[\"https:\/\/www.vinoslautaro.cl\/es\/valle-de-sagrada-familia\/\"]}]},{\"@type\":\"ImageObject\",\"inLanguage\":\"es\",\"@id\":\"https:\/\/www.vinoslautaro.cl\/es\/valle-de-sagrada-familia\/#primaryimage\",\"url\":\"https:\/\/www.vinoslautaro.cl\/es\/wp-content\/uploads\/2016\/08\/Curico-Mapa-v3.jpg\",\"contentUrl\":\"https:\/\/www.vinoslautaro.cl\/es\/wp-content\/uploads\/2016\/08\/Curico-Mapa-v3.jpg\",\"width\":1200,\"height\":574,\"caption\":\"Valle de Curico Chile\"},{\"@type\":\"BreadcrumbList\",\"@id\":\"https:\/\/www.vinoslautaro.cl\/es\/valle-de-sagrada-familia\/#breadcrumb\",\"itemListElement\":[{\"@type\":\"ListItem\",\"position\":1,\"name\":\"Portada\",\"item\":\"https:\/\/www.vinoslautaro.cl\/es\/\"},{\"@type\":\"ListItem\",\"position\":2,\"name\":\"Valle de Sagrada Familia\"}]},{\"@type\":\"WebSite\",\"@id\":\"https:\/\/www.vinoslautaro.cl\/es\/#website\",\"url\":\"https:\/\/www.vinoslautaro.cl\/es\/\",\"name\":\"Lautaro Wines\",\"description\":\"\",\"potentialAction\":[{\"@type\":\"SearchAction\",\"target\":{\"@type\":\"EntryPoint\",\"urlTemplate\":\"https:\/\/www.vinoslautaro.cl\/es\/?s={search_term_string}\"},\"query-input\":{\"@type\":\"PropertyValueSpecification\",\"valueRequired\":true,\"valueName\":\"search_term_string\"}}],\"inLanguage\":\"es\"}]}<\/script>\n<!-- \/ Yoast SEO plugin. -->","yoast_head_json":{"title":"Valle de Sagrada Familia - Lautaro Wines","robots":{"index":"index","follow":"follow","max-snippet":"max-snippet:-1","max-image-preview":"max-image-preview:large","max-video-preview":"max-video-preview:-1"},"canonical":"https:\/\/www.vinoslautaro.cl\/es\/valle-de-sagrada-familia\/","og_locale":"es_ES","og_type":"article","og_title":"Valle de Sagrada Familia - Lautaro Wines","og_description":"Anterior Siguiente Valle de Sagrada Familia Chile es conocido como un para\u00edso para la producci\u00f3n de vinos, dado en una importante medida por sus barreras geogr\u00e1ficas \u00fanicas en el mundo; el desierto de Atacama en el norte, la majestuosa cordillera de los Andes al este, los hielos Ant\u00e1rticos al sur y las fr\u00edas corrientes del [&hellip;]","og_url":"https:\/\/www.vinoslautaro.cl\/es\/valle-de-sagrada-familia\/","og_site_name":"Lautaro Wines","article_modified_time":"2020-10-28T19:37:32+00:00","og_image":[{"url":"https:\/\/www.vinoslautaro.cl\/es\/wp-content\/uploads\/2016\/08\/Curico-Mapa-v3-1024x490.jpg","type":"","width":"","height":""}],"twitter_card":"summary_large_image","twitter_misc":{"Tiempo de lectura":"2 minutos"},"schema":{"@context":"https:\/\/schema.org","@graph":[{"@type":"WebPage","@id":"https:\/\/www.vinoslautaro.cl\/es\/valle-de-sagrada-familia\/","url":"https:\/\/www.vinoslautaro.cl\/es\/valle-de-sagrada-familia\/","name":"Valle de Sagrada Familia - Lautaro Wines","isPartOf":{"@id":"https:\/\/www.vinoslautaro.cl\/es\/#website"},"primaryImageOfPage":{"@id":"https:\/\/www.vinoslautaro.cl\/es\/valle-de-sagrada-familia\/#primaryimage"},"image":{"@id":"https:\/\/www.vinoslautaro.cl\/es\/valle-de-sagrada-familia\/#primaryimage"},"thumbnailUrl":"https:\/\/www.vinoslautaro.cl\/es\/wp-content\/uploads\/2016\/08\/Curico-Mapa-v3-1024x490.jpg","datePublished":"2020-10-21T18:23:37+00:00","dateModified":"2020-10-28T19:37:32+00:00","breadcrumb":{"@id":"https:\/\/www.vinoslautaro.cl\/es\/valle-de-sagrada-familia\/#breadcrumb"},"inLanguage":"es","potentialAction":[{"@type":"ReadAction","target":["https:\/\/www.vinoslautaro.cl\/es\/valle-de-sagrada-familia\/"]}]},{"@type":"ImageObject","inLanguage":"es","@id":"https:\/\/www.vinoslautaro.cl\/es\/valle-de-sagrada-familia\/#primaryimage","url":"https:\/\/www.vinoslautaro.cl\/es\/wp-content\/uploads\/2016\/08\/Curico-Mapa-v3.jpg","contentUrl":"https:\/\/www.vinoslautaro.cl\/es\/wp-content\/uploads\/2016\/08\/Curico-Mapa-v3.jpg","width":1200,"height":574,"caption":"Valle de Curico Chile"},{"@type":"BreadcrumbList","@id":"https:\/\/www.vinoslautaro.cl\/es\/valle-de-sagrada-familia\/#breadcrumb","itemListElement":[{"@type":"ListItem","position":1,"name":"Portada","item":"https:\/\/www.vinoslautaro.cl\/es\/"},{"@type":"ListItem","position":2,"name":"Valle de Sagrada Familia"}]},{"@type":"WebSite","@id":"https:\/\/www.vinoslautaro.cl\/es\/#website","url":"https:\/\/www.vinoslautaro.cl\/es\/","name":"Lautaro Wines","description":"","potentialAction":[{"@type":"SearchAction","target":{"@type":"EntryPoint","urlTemplate":"https:\/\/www.vinoslautaro.cl\/es\/?s={search_term_string}"},"query-input":{"@type":"PropertyValueSpecification","valueRequired":true,"valueName":"search_term_string"}}],"inLanguage":"es"}]}},"_links":{"self":[{"href":"https:\/\/www.vinoslautaro.cl\/es\/wp-json\/wp\/v2\/pages\/551","targetHints":{"allow":["GET"]}}],"collection":[{"href":"https:\/\/www.vinoslautaro.cl\/es\/wp-json\/wp\/v2\/pages"}],"about":[{"href":"https:\/\/www.vinoslautaro.cl\/es\/wp-json\/wp\/v2\/types\/page"}],"author":[{"embeddable":true,"href":"https:\/\/www.vinoslautaro.cl\/es\/wp-json\/wp\/v2\/users\/1"}],"replies":[{"embeddable":true,"href":"https:\/\/www.vinoslautaro.cl\/es\/wp-json\/wp\/v2\/comments?post=551"}],"version-history":[{"count":18,"href":"https:\/\/www.vinoslautaro.cl\/es\/wp-json\/wp\/v2\/pages\/551\/revisions"}],"predecessor-version":[{"id":1684,"href":"https:\/\/www.vinoslautaro.cl\/es\/wp-json\/wp\/v2\/pages\/551\/revisions\/1684"}],"wp:attachment":[{"href":"https:\/\/www.vinoslautaro.cl\/es\/wp-json\/wp\/v2\/media?parent=551"}],"curies":[{"name":"wp","href":"https:\/\/api.w.org\/{rel}","templated":true}]}}