{"id":268,"date":"2020-10-21T23:19:07","date_gmt":"2020-10-22T02:19:07","guid":{"rendered":"http:\/\/stone-hill.progressionstudios.com\/?page_id=13"},"modified":"2021-06-11T11:20:54","modified_gmt":"2021-06-11T15:20:54","slug":"contacto","status":"publish","type":"page","link":"https:\/\/www.vinoslautaro.cl\/es\/contacto\/","title":{"rendered":"Contacto"},"content":{"rendered":"<div class=\"wpb-content-wrapper\"><p>[vc_row gap=\u00bb15&#8243;][vc_column width=\u00bb1\/2&#8243;][vc_custom_heading text=\u00bbNuestra direcci\u00f3n\u00bb font_container=\u00bbtag:h2|font_size:23px|text_align:left|color:%23262121&#8243; use_theme_fonts=\u00bbyes\u00bb css=\u00bb.vc_custom_1481555711607{margin-bottom: 25px !important;}\u00bb][vc_column_text]<\/p>\n<h5>Direcci\u00f3n: Calle Merced 641,<br \/>\nCuric\u00f3, VII Regi\u00f3n<br \/>\nCorreo: Contact@LautaroWines.com<\/h5>\n<p>[\/vc_column_text][\/vc_column][vc_column width=\u00bb1\/2&#8243;][vc_custom_heading text=\u00bbComun\u00edcate con nosotros completando el siguiente formulario.\u00bb font_container=\u00bbtag:h2|font_size:23px|text_align:left|color:%23262121&#8243; use_theme_fonts=\u00bbyes\u00bb css=\u00bb.vc_custom_1481555735414{margin-bottom: 25px !important;}\u00bb]\n<div class=\"wpcf7 no-js\" id=\"wpcf7-f4-o1\" lang=\"en-US\" dir=\"ltr\" data-wpcf7-id=\"4\">\n<div class=\"screen-reader-response\"><p role=\"status\" aria-live=\"polite\" aria-atomic=\"true\"><\/p> <ul><\/ul><\/div>\n<form action=\"\/es\/wp-json\/wp\/v2\/pages\/268#wpcf7-f4-o1\" method=\"post\" class=\"wpcf7-form init\" aria-label=\"Contact form\" novalidate=\"novalidate\" data-status=\"init\">\n<fieldset class=\"hidden-fields-container\"><input type=\"hidden\" name=\"_wpcf7\" value=\"4\" \/><input type=\"hidden\" name=\"_wpcf7_version\" value=\"6.1\" \/><input type=\"hidden\" name=\"_wpcf7_locale\" value=\"en_US\" \/><input type=\"hidden\" name=\"_wpcf7_unit_tag\" value=\"wpcf7-f4-o1\" \/><input type=\"hidden\" name=\"_wpcf7_container_post\" value=\"0\" \/><input type=\"hidden\" name=\"_wpcf7_posted_data_hash\" value=\"\" \/>\n<\/fieldset>\n<p>Nombre (*)\n<\/p>\n<p><span class=\"wpcf7-form-control-wrap\" data-name=\"your-name\"><input size=\"40\" maxlength=\"400\" class=\"wpcf7-form-control wpcf7-text wpcf7-validates-as-required\" aria-required=\"true\" aria-invalid=\"false\" value=\"\" type=\"text\" name=\"your-name\" \/><\/span>\n<\/p>\n<p>Correo (*)\n<\/p>\n<p><span class=\"wpcf7-form-control-wrap\" data-name=\"your-email\"><input size=\"40\" maxlength=\"400\" class=\"wpcf7-form-control wpcf7-email wpcf7-validates-as-required wpcf7-text wpcf7-validates-as-email\" aria-required=\"true\" aria-invalid=\"false\" value=\"\" type=\"email\" name=\"your-email\" \/><\/span>\n<\/p>\n<p>Asunto\n<\/p>\n<p><span class=\"wpcf7-form-control-wrap\" data-name=\"your-subject\"><input size=\"40\" maxlength=\"400\" class=\"wpcf7-form-control wpcf7-text\" aria-invalid=\"false\" value=\"\" type=\"text\" name=\"your-subject\" \/><\/span>\n<\/p>\n<p>Mensaje\n<\/p>\n<p><span class=\"wpcf7-form-control-wrap\" data-name=\"your-message\"><textarea cols=\"40\" rows=\"10\" maxlength=\"2000\" class=\"wpcf7-form-control wpcf7-textarea\" aria-invalid=\"false\" name=\"your-message\"><\/textarea><\/span>\n<\/p>\n<p><input class=\"wpcf7-form-control wpcf7-submit has-spinner\" type=\"submit\" value=\"Enviar\" \/>\n<\/p><div class=\"wpcf7-response-output\" aria-hidden=\"true\"><\/div>\n<\/form>\n<\/div>\n[\/vc_column][\/vc_row][vc_row full_width=\u00bbstretch_row_content_no_spaces\u00bb][vc_column css=\u00bb.vc_custom_1448408460176{padding-right: 30px !important;}\u00bb][vc_gmaps link=\u00bb#E-8_JTNDaWZyYW1lJTIwc3JjJTNEJTIyaHR0cHMlM0ElMkYlMkZ3d3cuZ29vZ2xlLmNvbSUyRm1hcHMlMkZlbWJlZCUzRnBiJTNEJTIxMW0xOCUyMTFtMTIlMjExbTMlMjExZDMyNjguODY3NjIzNTI0MzYzNCUyMTJkLTcxLjI0NTU0NDc4NDQ3MjIlMjEzZC0zNC45ODQ5ODAzODUyNzgxNyUyMTJtMyUyMTFmMCUyMTJmMCUyMTNmMCUyMTNtMiUyMTFpMTAyNCUyMTJpNzY4JTIxNGYxMy4xJTIxM20zJTIxMW0yJTIxMXMweDk2NjQ1NzA4ZjA5ZTY2NWYlMjUzQTB4ZWJmMDQ5NDNjZTEwN2EwNyUyMTJzTWVyY2VkJTJCNjQxJTI1MkMlMkJDdXJpYyUyNUMzJTI1QjMlMjUyQyUyQlJlZ2klMjVDMyUyNUIzbiUyQmRlbCUyQk1hdWxlJTIxNWUwJTIxM20yJTIxMXNlcy00MTklMjEyc2NsJTIxNHYxNTU2NjYxMDk3OTg3JTIxNW0yJTIxMXNlcy00MTklMjEyc2NsJTIyJTIwd2lkdGglM0QlMjI2MDAlMjIlMjBoZWlnaHQlM0QlMjI0NTAlMjIlMjBmcmFtZWJvcmRlciUzRCUyMjAlMjIlMjBzdHlsZSUzRCUyMmJvcmRlciUzQTAlMjIlMjBhbGxvd2Z1bGxzY3JlZW4lM0UlM0MlMkZpZnJhbWUlM0U=\u00bb][\/vc_column][\/vc_row]<\/p>\n<\/div>","protected":false},"excerpt":{"rendered":"<p>[vc_row gap=\u00bb15&#8243;][vc_column width=\u00bb1\/2&#8243;][vc_custom_heading text=\u00bbNuestra direcci\u00f3n\u00bb font_container=\u00bbtag:h2|font_size:23px|text_align:left|color:%23262121&#8243; use_theme_fonts=\u00bbyes\u00bb css=\u00bb.vc_custom_1481555711607{margin-bottom: 25px !important;}\u00bb][vc_column_text] Direcci\u00f3n: Calle Merced 641, Curic\u00f3, VII Regi\u00f3n Correo: Contact@LautaroWines.com [\/vc_column_text][\/vc_column][vc_column width=\u00bb1\/2&#8243;][vc_custom_heading text=\u00bbComun\u00edcate con nosotros completando el siguiente formulario.\u00bb font_container=\u00bbtag:h2|font_size:23px|text_align:left|color:%23262121&#8243; use_theme_fonts=\u00bbyes\u00bb css=\u00bb.vc_custom_1481555735414{margin-bottom: 25px !important;}\u00bb][\/vc_column][\/vc_row][vc_row full_width=\u00bbstretch_row_content_no_spaces\u00bb][vc_column css=\u00bb.vc_custom_1448408460176{padding-right: 30px !important;}\u00bb][vc_gmaps link=\u00bb#E-8_JTNDaWZyYW1lJTIwc3JjJTNEJTIyaHR0cHMlM0ElMkYlMkZ3d3cuZ29vZ2xlLmNvbSUyRm1hcHMlMkZlbWJlZCUzRnBiJTNEJTIxMW0xOCUyMTFtMTIlMjExbTMlMjExZDMyNjguODY3NjIzNTI0MzYzNCUyMTJkLTcxLjI0NTU0NDc4NDQ3MjIlMjEzZC0zNC45ODQ5ODAzODUyNzgxNyUyMTJtMyUyMTFmMCUyMTJmMCUyMTNmMCUyMTNtMiUyMTFpMTAyNCUyMTJpNzY4JTIxNGYxMy4xJTIxM20zJTIxMW0yJTIxMXMweDk2NjQ1NzA4ZjA5ZTY2NWYlMjUzQTB4ZWJmMDQ5NDNjZTEwN2EwNyUyMTJzTWVyY2VkJTJCNjQxJTI1MkMlMkJDdXJpYyUyNUMzJTI1QjMlMjUyQyUyQlJlZ2klMjVDMyUyNUIzbiUyQmRlbCUyQk1hdWxlJTIxNWUwJTIxM20yJTIxMXNlcy00MTklMjEyc2NsJTIxNHYxNTU2NjYxMDk3OTg3JTIxNW0yJTIxMXNlcy00MTklMjEyc2NsJTIyJTIwd2lkdGglM0QlMjI2MDAlMjIlMjBoZWlnaHQlM0QlMjI0NTAlMjIlMjBmcmFtZWJvcmRlciUzRCUyMjAlMjIlMjBzdHlsZSUzRCUyMmJvcmRlciUzQTAlMjIlMjBhbGxvd2Z1bGxzY3JlZW4lM0UlM0MlMkZpZnJhbWUlM0U=\u00bb][\/vc_column][\/vc_row]<\/p>\n","protected":false},"author":1,"featured_media":0,"parent":0,"menu_order":0,"comment_status":"closed","ping_status":"closed","template":"","meta":{"footnotes":""},"class_list":["post-268","page","type-page","status-publish","hentry"],"yoast_head":"<!-- This site is optimized with the Yoast SEO plugin v25.5 - https:\/\/yoast.com\/wordpress\/plugins\/seo\/ -->\n<title>Contacto - Lautaro Wines<\/title>\n<meta name=\"robots\" content=\"index, follow, max-snippet:-1, max-image-preview:large, max-video-preview:-1\" \/>\n<link rel=\"canonical\" href=\"https:\/\/www.vinoslautaro.cl\/es\/contacto\/\" \/>\n<meta property=\"og:locale\" content=\"es_ES\" \/>\n<meta property=\"og:type\" content=\"article\" \/>\n<meta property=\"og:title\" content=\"Contacto - Lautaro Wines\" \/>\n<meta property=\"og:description\" content=\"[vc_row gap=\u00bb15&#8243;][vc_column width=\u00bb1\/2&#8243;][vc_custom_heading text=\u00bbNuestra direcci\u00f3n\u00bb font_container=\u00bbtag:h2|font_size:23px|text_align:left|color:%23262121&#8243; use_theme_fonts=\u00bbyes\u00bb css=\u00bb.vc_custom_1481555711607{margin-bottom: 25px !important;}\u00bb][vc_column_text] Direcci\u00f3n: Calle Merced 641, Curic\u00f3, VII Regi\u00f3n Correo: Contact@LautaroWines.com [\/vc_column_text][\/vc_column][vc_column width=\u00bb1\/2&#8243;][vc_custom_heading text=\u00bbComun\u00edcate con nosotros completando el siguiente formulario.\u00bb font_container=\u00bbtag:h2|font_size:23px|text_align:left|color:%23262121&#8243; use_theme_fonts=\u00bbyes\u00bb css=\u00bb.vc_custom_1481555735414{margin-bottom: 25px !important;}\u00bb][\/vc_column][\/vc_row][vc_row full_width=\u00bbstretch_row_content_no_spaces\u00bb][vc_column css=\u00bb.vc_custom_1448408460176{padding-right: 30px !important;}\u00bb][vc_gmaps link=\u00bb#E-8_JTNDaWZyYW1lJTIwc3JjJTNEJTIyaHR0cHMlM0ElMkYlMkZ3d3cuZ29vZ2xlLmNvbSUyRm1hcHMlMkZlbWJlZCUzRnBiJTNEJTIxMW0xOCUyMTFtMTIlMjExbTMlMjExZDMyNjguODY3NjIzNTI0MzYzNCUyMTJkLTcxLjI0NTU0NDc4NDQ3MjIlMjEzZC0zNC45ODQ5ODAzODUyNzgxNyUyMTJtMyUyMTFmMCUyMTJmMCUyMTNmMCUyMTNtMiUyMTFpMTAyNCUyMTJpNzY4JTIxNGYxMy4xJTIxM20zJTIxMW0yJTIxMXMweDk2NjQ1NzA4ZjA5ZTY2NWYlMjUzQTB4ZWJmMDQ5NDNjZTEwN2EwNyUyMTJzTWVyY2VkJTJCNjQxJTI1MkMlMkJDdXJpYyUyNUMzJTI1QjMlMjUyQyUyQlJlZ2klMjVDMyUyNUIzbiUyQmRlbCUyQk1hdWxlJTIxNWUwJTIxM20yJTIxMXNlcy00MTklMjEyc2NsJTIxNHYxNTU2NjYxMDk3OTg3JTIxNW0yJTIxMXNlcy00MTklMjEyc2NsJTIyJTIwd2lkdGglM0QlMjI2MDAlMjIlMjBoZWlnaHQlM0QlMjI0NTAlMjIlMjBmcmFtZWJvcmRlciUzRCUyMjAlMjIlMjBzdHlsZSUzRCUyMmJvcmRlciUzQTAlMjIlMjBhbGxvd2Z1bGxzY3JlZW4lM0UlM0MlMkZpZnJhbWUlM0U=\u00bb][\/vc_column][\/vc_row]\" \/>\n<meta property=\"og:url\" content=\"https:\/\/www.vinoslautaro.cl\/es\/contacto\/\" \/>\n<meta property=\"og:site_name\" content=\"Lautaro Wines\" \/>\n<meta property=\"article:modified_time\" content=\"2021-06-11T15:20:54+00:00\" \/>\n<meta name=\"twitter:card\" content=\"summary_large_image\" \/>\n<meta name=\"twitter:label1\" content=\"Tiempo de lectura\" \/>\n\t<meta name=\"twitter:data1\" content=\"1 minuto\" \/>\n<script type=\"application\/ld+json\" class=\"yoast-schema-graph\">{\"@context\":\"https:\/\/schema.org\",\"@graph\":[{\"@type\":\"WebPage\",\"@id\":\"https:\/\/www.vinoslautaro.cl\/es\/contacto\/\",\"url\":\"https:\/\/www.vinoslautaro.cl\/es\/contacto\/\",\"name\":\"Contacto - Lautaro Wines\",\"isPartOf\":{\"@id\":\"https:\/\/www.vinoslautaro.cl\/es\/#website\"},\"datePublished\":\"2020-10-22T02:19:07+00:00\",\"dateModified\":\"2021-06-11T15:20:54+00:00\",\"breadcrumb\":{\"@id\":\"https:\/\/www.vinoslautaro.cl\/es\/contacto\/#breadcrumb\"},\"inLanguage\":\"es\",\"potentialAction\":[{\"@type\":\"ReadAction\",\"target\":[\"https:\/\/www.vinoslautaro.cl\/es\/contacto\/\"]}]},{\"@type\":\"BreadcrumbList\",\"@id\":\"https:\/\/www.vinoslautaro.cl\/es\/contacto\/#breadcrumb\",\"itemListElement\":[{\"@type\":\"ListItem\",\"position\":1,\"name\":\"Portada\",\"item\":\"https:\/\/www.vinoslautaro.cl\/es\/\"},{\"@type\":\"ListItem\",\"position\":2,\"name\":\"Contacto\"}]},{\"@type\":\"WebSite\",\"@id\":\"https:\/\/www.vinoslautaro.cl\/es\/#website\",\"url\":\"https:\/\/www.vinoslautaro.cl\/es\/\",\"name\":\"Lautaro Wines\",\"description\":\"\",\"potentialAction\":[{\"@type\":\"SearchAction\",\"target\":{\"@type\":\"EntryPoint\",\"urlTemplate\":\"https:\/\/www.vinoslautaro.cl\/es\/?s={search_term_string}\"},\"query-input\":{\"@type\":\"PropertyValueSpecification\",\"valueRequired\":true,\"valueName\":\"search_term_string\"}}],\"inLanguage\":\"es\"}]}<\/script>\n<!-- \/ Yoast SEO plugin. -->","yoast_head_json":{"title":"Contacto - Lautaro Wines","robots":{"index":"index","follow":"follow","max-snippet":"max-snippet:-1","max-image-preview":"max-image-preview:large","max-video-preview":"max-video-preview:-1"},"canonical":"https:\/\/www.vinoslautaro.cl\/es\/contacto\/","og_locale":"es_ES","og_type":"article","og_title":"Contacto - Lautaro Wines","og_description":"[vc_row gap=\u00bb15&#8243;][vc_column width=\u00bb1\/2&#8243;][vc_custom_heading text=\u00bbNuestra direcci\u00f3n\u00bb font_container=\u00bbtag:h2|font_size:23px|text_align:left|color:%23262121&#8243; use_theme_fonts=\u00bbyes\u00bb css=\u00bb.vc_custom_1481555711607{margin-bottom: 25px !important;}\u00bb][vc_column_text] Direcci\u00f3n: Calle Merced 641, Curic\u00f3, VII Regi\u00f3n Correo: Contact@LautaroWines.com [\/vc_column_text][\/vc_column][vc_column width=\u00bb1\/2&#8243;][vc_custom_heading text=\u00bbComun\u00edcate con nosotros completando el siguiente formulario.\u00bb font_container=\u00bbtag:h2|font_size:23px|text_align:left|color:%23262121&#8243; use_theme_fonts=\u00bbyes\u00bb css=\u00bb.vc_custom_1481555735414{margin-bottom: 25px !important;}\u00bb][\/vc_column][\/vc_row][vc_row full_width=\u00bbstretch_row_content_no_spaces\u00bb][vc_column css=\u00bb.vc_custom_1448408460176{padding-right: 30px !important;}\u00bb][vc_gmaps link=\u00bb#E-8_JTNDaWZyYW1lJTIwc3JjJTNEJTIyaHR0cHMlM0ElMkYlMkZ3d3cuZ29vZ2xlLmNvbSUyRm1hcHMlMkZlbWJlZCUzRnBiJTNEJTIxMW0xOCUyMTFtMTIlMjExbTMlMjExZDMyNjguODY3NjIzNTI0MzYzNCUyMTJkLTcxLjI0NTU0NDc4NDQ3MjIlMjEzZC0zNC45ODQ5ODAzODUyNzgxNyUyMTJtMyUyMTFmMCUyMTJmMCUyMTNmMCUyMTNtMiUyMTFpMTAyNCUyMTJpNzY4JTIxNGYxMy4xJTIxM20zJTIxMW0yJTIxMXMweDk2NjQ1NzA4ZjA5ZTY2NWYlMjUzQTB4ZWJmMDQ5NDNjZTEwN2EwNyUyMTJzTWVyY2VkJTJCNjQxJTI1MkMlMkJDdXJpYyUyNUMzJTI1QjMlMjUyQyUyQlJlZ2klMjVDMyUyNUIzbiUyQmRlbCUyQk1hdWxlJTIxNWUwJTIxM20yJTIxMXNlcy00MTklMjEyc2NsJTIxNHYxNTU2NjYxMDk3OTg3JTIxNW0yJTIxMXNlcy00MTklMjEyc2NsJTIyJTIwd2lkdGglM0QlMjI2MDAlMjIlMjBoZWlnaHQlM0QlMjI0NTAlMjIlMjBmcmFtZWJvcmRlciUzRCUyMjAlMjIlMjBzdHlsZSUzRCUyMmJvcmRlciUzQTAlMjIlMjBhbGxvd2Z1bGxzY3JlZW4lM0UlM0MlMkZpZnJhbWUlM0U=\u00bb][\/vc_column][\/vc_row]","og_url":"https:\/\/www.vinoslautaro.cl\/es\/contacto\/","og_site_name":"Lautaro Wines","article_modified_time":"2021-06-11T15:20:54+00:00","twitter_card":"summary_large_image","twitter_misc":{"Tiempo de lectura":"1 minuto"},"schema":{"@context":"https:\/\/schema.org","@graph":[{"@type":"WebPage","@id":"https:\/\/www.vinoslautaro.cl\/es\/contacto\/","url":"https:\/\/www.vinoslautaro.cl\/es\/contacto\/","name":"Contacto - Lautaro Wines","isPartOf":{"@id":"https:\/\/www.vinoslautaro.cl\/es\/#website"},"datePublished":"2020-10-22T02:19:07+00:00","dateModified":"2021-06-11T15:20:54+00:00","breadcrumb":{"@id":"https:\/\/www.vinoslautaro.cl\/es\/contacto\/#breadcrumb"},"inLanguage":"es","potentialAction":[{"@type":"ReadAction","target":["https:\/\/www.vinoslautaro.cl\/es\/contacto\/"]}]},{"@type":"BreadcrumbList","@id":"https:\/\/www.vinoslautaro.cl\/es\/contacto\/#breadcrumb","itemListElement":[{"@type":"ListItem","position":1,"name":"Portada","item":"https:\/\/www.vinoslautaro.cl\/es\/"},{"@type":"ListItem","position":2,"name":"Contacto"}]},{"@type":"WebSite","@id":"https:\/\/www.vinoslautaro.cl\/es\/#website","url":"https:\/\/www.vinoslautaro.cl\/es\/","name":"Lautaro Wines","description":"","potentialAction":[{"@type":"SearchAction","target":{"@type":"EntryPoint","urlTemplate":"https:\/\/www.vinoslautaro.cl\/es\/?s={search_term_string}"},"query-input":{"@type":"PropertyValueSpecification","valueRequired":true,"valueName":"search_term_string"}}],"inLanguage":"es"}]}},"_links":{"self":[{"href":"https:\/\/www.vinoslautaro.cl\/es\/wp-json\/wp\/v2\/pages\/268","targetHints":{"allow":["GET"]}}],"collection":[{"href":"https:\/\/www.vinoslautaro.cl\/es\/wp-json\/wp\/v2\/pages"}],"about":[{"href":"https:\/\/www.vinoslautaro.cl\/es\/wp-json\/wp\/v2\/types\/page"}],"author":[{"embeddable":true,"href":"https:\/\/www.vinoslautaro.cl\/es\/wp-json\/wp\/v2\/users\/1"}],"replies":[{"embeddable":true,"href":"https:\/\/www.vinoslautaro.cl\/es\/wp-json\/wp\/v2\/comments?post=268"}],"version-history":[{"count":22,"href":"https:\/\/www.vinoslautaro.cl\/es\/wp-json\/wp\/v2\/pages\/268\/revisions"}],"predecessor-version":[{"id":1747,"href":"https:\/\/www.vinoslautaro.cl\/es\/wp-json\/wp\/v2\/pages\/268\/revisions\/1747"}],"wp:attachment":[{"href":"https:\/\/www.vinoslautaro.cl\/es\/wp-json\/wp\/v2\/media?parent=268"}],"curies":[{"name":"wp","href":"https:\/\/api.w.org\/{rel}","templated":true}]}}