{"id":16,"date":"2020-10-21T00:12:18","date_gmt":"2020-10-21T03:12:18","guid":{"rendered":"http:\/\/www.lautarowines.com\/?page_id=16"},"modified":"2020-11-06T15:13:16","modified_gmt":"2020-11-06T18:13:16","slug":"nuestra-historia","status":"publish","type":"page","link":"https:\/\/www.vinoslautaro.cl\/es\/nuestra-historia\/","title":{"rendered":"Nuestra Historia"},"content":{"rendered":"\t\t<div data-elementor-type=\"wp-page\" data-elementor-id=\"16\" class=\"elementor elementor-16\" data-elementor-settings=\"[]\">\n\t\t\t\t\t\t<div class=\"elementor-inner\">\n\t\t\t\t\t\t\t<div class=\"elementor-section-wrap\">\n\t\t\t\t\t\t\t<section class=\"elementor-section elementor-top-section elementor-element elementor-element-051c4cc elementor-section-full_width elementor-section-height-default elementor-section-height-default\" data-id=\"051c4cc\" data-element_type=\"section\">\n\t\t\t\t\t\t<div class=\"elementor-container elementor-column-gap-default\">\n\t\t\t\t\t\t\t<div class=\"elementor-row\">\n\t\t\t\t\t<div class=\"elementor-column elementor-col-100 elementor-top-column elementor-element elementor-element-c3ceff2\" data-id=\"c3ceff2\" data-element_type=\"column\">\n\t\t\t<div class=\"elementor-column-wrap elementor-element-populated\">\n\t\t\t\t\t\t\t<div class=\"elementor-widget-wrap\">\n\t\t\t\t\t\t<div class=\"elementor-element elementor-element-21f76bc elementor-arrows-position-inside elementor-pagination-position-outside elementor-widget elementor-widget-image-carousel\" data-id=\"21f76bc\" data-element_type=\"widget\" data-settings=\"{&quot;slides_to_show&quot;:&quot;1&quot;,&quot;navigation&quot;:&quot;both&quot;,&quot;autoplay&quot;:&quot;yes&quot;,&quot;pause_on_hover&quot;:&quot;yes&quot;,&quot;pause_on_interaction&quot;:&quot;yes&quot;,&quot;autoplay_speed&quot;:5000,&quot;infinite&quot;:&quot;yes&quot;,&quot;effect&quot;:&quot;slide&quot;,&quot;speed&quot;:500}\" data-widget_type=\"image-carousel.default\">\n\t\t\t\t<div class=\"elementor-widget-container\">\n\t\t\t\t\t<div class=\"elementor-image-carousel-wrapper swiper-container\" dir=\"ltr\">\n\t\t\t<div class=\"elementor-image-carousel swiper-wrapper\">\n\t\t\t\t\t\t\t\t<div class=\"swiper-slide\"><figure class=\"swiper-slide-inner\"><img decoding=\"async\" class=\"swiper-slide-image\" src=\"https:\/\/www.vinoslautaro.cl\/es\/wp-content\/uploads\/2016\/06\/Productores-Lautaro-Wines-1200x600-1024x512.jpg\" alt=\"Lautaro Wines\" \/><\/figure><\/div><div class=\"swiper-slide\"><figure class=\"swiper-slide-inner\"><img decoding=\"async\" class=\"swiper-slide-image\" src=\"https:\/\/www.vinoslautaro.cl\/es\/wp-content\/uploads\/2016\/06\/Historia-1-1200x600-1024x512.jpg\" alt=\"Historia-1-1200x600\" \/><\/figure><\/div><div class=\"swiper-slide\"><figure class=\"swiper-slide-inner\"><img decoding=\"async\" class=\"swiper-slide-image\" src=\"https:\/\/www.vinoslautaro.cl\/es\/wp-content\/uploads\/2016\/06\/Historia-2-1200x600-1024x512.jpg\" alt=\"Historia-2-1200x600\" \/><\/figure><\/div><div class=\"swiper-slide\"><figure class=\"swiper-slide-inner\"><img decoding=\"async\" class=\"swiper-slide-image\" src=\"https:\/\/www.vinoslautaro.cl\/es\/wp-content\/uploads\/2020\/10\/Educacion-1-1200x600-1-1024x512.jpg\" alt=\"Educacion-1-1200x600.jpg\" \/><\/figure><\/div>\t\t\t<\/div>\n\t\t\t\t\t\t\t\t\t\t\t\t<div class=\"swiper-pagination\"><\/div>\n\t\t\t\t\t\t\t\t\t\t\t\t\t<div class=\"elementor-swiper-button elementor-swiper-button-prev\">\n\t\t\t\t\t\t<i aria-hidden=\"true\" class=\"eicon-chevron-left\"><\/i>\t\t\t\t\t\t<span class=\"elementor-screen-only\">Anterior<\/span>\n\t\t\t\t\t<\/div>\n\t\t\t\t\t<div class=\"elementor-swiper-button elementor-swiper-button-next\">\n\t\t\t\t\t\t<i aria-hidden=\"true\" class=\"eicon-chevron-right\"><\/i>\t\t\t\t\t\t<span class=\"elementor-screen-only\">Siguiente<\/span>\n\t\t\t\t\t<\/div>\n\t\t\t\t\t\t\t\t\t<\/div>\n\t\t\t\t<\/div>\n\t\t\t\t<\/div>\n\t\t\t\t\t\t<\/div>\n\t\t\t\t\t<\/div>\n\t\t<\/div>\n\t\t\t\t\t\t\t\t<\/div>\n\t\t\t\t\t<\/div>\n\t\t<\/section>\n\t\t\t\t<section class=\"elementor-section elementor-top-section elementor-element elementor-element-3fe440bd elementor-section-boxed elementor-section-height-default elementor-section-height-default\" data-id=\"3fe440bd\" data-element_type=\"section\">\n\t\t\t\t\t\t<div class=\"elementor-container elementor-column-gap-default\">\n\t\t\t\t\t\t\t<div class=\"elementor-row\">\n\t\t\t\t\t<div class=\"elementor-column elementor-col-100 elementor-top-column elementor-element elementor-element-32473b10\" data-id=\"32473b10\" data-element_type=\"column\">\n\t\t\t<div class=\"elementor-column-wrap elementor-element-populated\">\n\t\t\t\t\t\t\t<div class=\"elementor-widget-wrap\">\n\t\t\t\t\t\t<div class=\"elementor-element elementor-element-45d86ba elementor-widget elementor-widget-heading\" data-id=\"45d86ba\" data-element_type=\"widget\" data-widget_type=\"heading.default\">\n\t\t\t\t<div class=\"elementor-widget-container\">\n\t\t\t<h2 class=\"elementor-heading-title elementor-size-default\">Bienvenidos a nuestro pasado y presente<\/h2>\t\t<\/div>\n\t\t\t\t<\/div>\n\t\t\t\t<div class=\"elementor-element elementor-element-216cee17 elementor-widget elementor-widget-text-editor\" data-id=\"216cee17\" data-element_type=\"widget\" data-widget_type=\"text-editor.default\">\n\t\t\t\t<div class=\"elementor-widget-container\">\n\t\t\t\t\t\t\t\t<div class=\"elementor-text-editor elementor-clearfix\">\n\t\t\t\t<p>Nuestro sue\u00f1o de peque\u00f1os productores comienza con el proceso de Reforma Agraria en Chile, que nos hace due\u00f1os de peque\u00f1as superficies de terreno que trabajamos individualmente para dedicarlas a cultivos anuales.<\/p><p>M\u00e1s tarde, asesores t\u00e9cnicos nos convencen de plantar vi\u00f1edos de cepas finas y vender de manera conjunta nuestra uva.<\/p><p>Luego decidimos agregar valor a nuestro producto y comenzamos con el vino.<\/p><p>Nuestra historia asociativa comenz\u00f3 el a\u00f1o 1997 cuando 17 peque\u00f1os viticultores nos constituimos como <strong>Sociedad Vitivin\u00edcola Sagrada Familia S.A.<\/strong>, en el Valle de Lontu\u00e9, para producir vinos finos bajo la modalidad de Comercio Justo para diferentes mercados en el mundo, llevando as\u00ed el fruto de nuestro esfuerzo, tierra, clima y alegr\u00edas a miles de hogares.<\/p><p>Fundamental fue el apoyo de la ONG Belga OXFAM Wereldwinkels, quien buscaba en Chile una empresa de nuestro perfil, para llevar al viejo continente, vinos de la Agricultura Familiar Campesina.<\/p><p>Nuestros productores decidieron tomar el nombre para sus vinos del joven guerrero y h\u00e9roe militar Lautaro (1534-1557), quien con tan s\u00f3lo 19 a\u00f1os, mostrando grandes habilidades de estratega y un valor sin precedentes, organiz\u00f3 e inici\u00f3 la resistencia del pueblo Mapuche contra los invasores Espa\u00f1oles.<\/p><p>El joven l\u00edder Lautaro muri\u00f3 a los 23 a\u00f1os en una emboscada Espa\u00f1ola en las cercan\u00edas de la localidad de Sagrada Familia a orillas de rio Mataquito, mismo rio que hoy riega los vi\u00f1edos de nuestros productores, quienes identific\u00e1ndose con el joven guerrero, deciden rendirle honores, llamando al fruto de su trabajo con su legendario nombre.<\/p><p>Han transcurrido ya 20 a\u00f1os de Vinos Lautaro operando bajo la filosof\u00eda del Comercio Justo y exportando a B\u00e9lgica, Alemania, Reino Unido, Holanda, Austria, Dinamarca, Suiza, Espa\u00f1a, Francia, Finlandia, Brasil, M\u00e9xico y Canad\u00e1.<\/p><p>Hoy nuestra empresa la forman 23 peque\u00f1os productores-proveedores y contamos con el apoyo de un gran equipo de profesionales y amigos en todo el mundo, a quienes sentimos como parte de nuestra familia.<\/p><p>Un porcentaje importante de la producci\u00f3n de Vinos Lautaro tiene la certificaci\u00f3n de uvas y vinos org\u00e1nicos, consecuente con nuestra filosof\u00eda de sustentabilidad econ\u00f3mico-social y medioambiental.<\/p><p>Nuestros sue\u00f1os siguen siendo los mismos de hace 20 a\u00f1os: avanzar con sentido de equidad hacia el bienestar de nuestras familias, comunidad y colaboradores, sin dejar de cuidar el medioambiente.<\/p><p>\u00a1Somos Vinos Lautaro!<\/p><p>Bienvenidos a nuestro pasado y presente. \u00a1Ay\u00fadenos a construir nuestro futuro!<\/p>\t\t\t\t\t<\/div>\n\t\t\t\t\t\t<\/div>\n\t\t\t\t<\/div>\n\t\t\t\t\t\t<\/div>\n\t\t\t\t\t<\/div>\n\t\t<\/div>\n\t\t\t\t\t\t\t\t<\/div>\n\t\t\t\t\t<\/div>\n\t\t<\/section>\n\t\t\t\t<section class=\"elementor-section elementor-top-section elementor-element elementor-element-43fda0b elementor-section-full_width elementor-section-height-default elementor-section-height-default\" data-id=\"43fda0b\" data-element_type=\"section\">\n\t\t\t\t\t\t<div class=\"elementor-container elementor-column-gap-default\">\n\t\t\t\t\t\t\t<div class=\"elementor-row\">\n\t\t\t\t\t<div class=\"elementor-column elementor-col-100 elementor-top-column elementor-element elementor-element-b3e1889\" data-id=\"b3e1889\" data-element_type=\"column\">\n\t\t\t<div class=\"elementor-column-wrap elementor-element-populated\">\n\t\t\t\t\t\t\t<div class=\"elementor-widget-wrap\">\n\t\t\t\t\t\t<div class=\"elementor-element elementor-element-619a7f2 elementor-widget elementor-widget-spacer\" data-id=\"619a7f2\" data-element_type=\"widget\" data-widget_type=\"spacer.default\">\n\t\t\t\t<div class=\"elementor-widget-container\">\n\t\t\t\t\t<div class=\"elementor-spacer\">\n\t\t\t<div class=\"elementor-spacer-inner\"><\/div>\n\t\t<\/div>\n\t\t\t\t<\/div>\n\t\t\t\t<\/div>\n\t\t\t\t\t\t<\/div>\n\t\t\t\t\t<\/div>\n\t\t<\/div>\n\t\t\t\t\t\t\t\t<\/div>\n\t\t\t\t\t<\/div>\n\t\t<\/section>\n\t\t\t\t\t\t<\/div>\n\t\t\t\t\t\t<\/div>\n\t\t\t\t\t<\/div>\n\t\t","protected":false},"excerpt":{"rendered":"<p>Anterior Siguiente Bienvenidos a nuestro pasado y presente Nuestro sue\u00f1o de peque\u00f1os productores comienza con el proceso de Reforma Agraria en Chile, que nos hace due\u00f1os de peque\u00f1as superficies de terreno que trabajamos individualmente para dedicarlas a cultivos anuales. M\u00e1s tarde, asesores t\u00e9cnicos nos convencen de plantar vi\u00f1edos de cepas finas y vender de manera [&hellip;]<\/p>\n","protected":false},"author":1,"featured_media":0,"parent":0,"menu_order":0,"comment_status":"closed","ping_status":"closed","template":"","meta":{"footnotes":""},"class_list":["post-16","page","type-page","status-publish","hentry"],"yoast_head":"<!-- This site is optimized with the Yoast SEO plugin v25.5 - https:\/\/yoast.com\/wordpress\/plugins\/seo\/ -->\n<title>Nuestra Historia - Lautaro Wines<\/title>\n<meta name=\"robots\" content=\"index, follow, max-snippet:-1, max-image-preview:large, max-video-preview:-1\" \/>\n<link rel=\"canonical\" href=\"https:\/\/www.vinoslautaro.cl\/es\/nuestra-historia\/\" \/>\n<meta property=\"og:locale\" content=\"es_ES\" \/>\n<meta property=\"og:type\" content=\"article\" \/>\n<meta property=\"og:title\" content=\"Nuestra Historia - Lautaro Wines\" \/>\n<meta property=\"og:description\" content=\"Anterior Siguiente Bienvenidos a nuestro pasado y presente Nuestro sue\u00f1o de peque\u00f1os productores comienza con el proceso de Reforma Agraria en Chile, que nos hace due\u00f1os de peque\u00f1as superficies de terreno que trabajamos individualmente para dedicarlas a cultivos anuales. M\u00e1s tarde, asesores t\u00e9cnicos nos convencen de plantar vi\u00f1edos de cepas finas y vender de manera [&hellip;]\" \/>\n<meta property=\"og:url\" content=\"https:\/\/www.vinoslautaro.cl\/es\/nuestra-historia\/\" \/>\n<meta property=\"og:site_name\" content=\"Lautaro Wines\" \/>\n<meta property=\"article:modified_time\" content=\"2020-11-06T18:13:16+00:00\" \/>\n<meta property=\"og:image\" content=\"https:\/\/www.vinoslautaro.cl\/es\/wp-content\/uploads\/2016\/06\/Productores-Lautaro-Wines-1200x600-1024x512.jpg\" \/>\n<meta name=\"twitter:card\" content=\"summary_large_image\" \/>\n<meta name=\"twitter:label1\" content=\"Tiempo de lectura\" \/>\n\t<meta name=\"twitter:data1\" content=\"2 minutos\" \/>\n<script type=\"application\/ld+json\" class=\"yoast-schema-graph\">{\"@context\":\"https:\/\/schema.org\",\"@graph\":[{\"@type\":\"WebPage\",\"@id\":\"https:\/\/www.vinoslautaro.cl\/es\/nuestra-historia\/\",\"url\":\"https:\/\/www.vinoslautaro.cl\/es\/nuestra-historia\/\",\"name\":\"Nuestra Historia - Lautaro Wines\",\"isPartOf\":{\"@id\":\"https:\/\/www.vinoslautaro.cl\/es\/#website\"},\"primaryImageOfPage\":{\"@id\":\"https:\/\/www.vinoslautaro.cl\/es\/nuestra-historia\/#primaryimage\"},\"image\":{\"@id\":\"https:\/\/www.vinoslautaro.cl\/es\/nuestra-historia\/#primaryimage\"},\"thumbnailUrl\":\"https:\/\/www.vinoslautaro.cl\/es\/wp-content\/uploads\/2016\/06\/Productores-Lautaro-Wines-1200x600-1024x512.jpg\",\"datePublished\":\"2020-10-21T03:12:18+00:00\",\"dateModified\":\"2020-11-06T18:13:16+00:00\",\"breadcrumb\":{\"@id\":\"https:\/\/www.vinoslautaro.cl\/es\/nuestra-historia\/#breadcrumb\"},\"inLanguage\":\"es\",\"potentialAction\":[{\"@type\":\"ReadAction\",\"target\":[\"https:\/\/www.vinoslautaro.cl\/es\/nuestra-historia\/\"]}]},{\"@type\":\"ImageObject\",\"inLanguage\":\"es\",\"@id\":\"https:\/\/www.vinoslautaro.cl\/es\/nuestra-historia\/#primaryimage\",\"url\":\"https:\/\/www.vinoslautaro.cl\/es\/wp-content\/uploads\/2016\/06\/Productores-Lautaro-Wines-1200x600.jpg\",\"contentUrl\":\"https:\/\/www.vinoslautaro.cl\/es\/wp-content\/uploads\/2016\/06\/Productores-Lautaro-Wines-1200x600.jpg\",\"width\":1200,\"height\":600,\"caption\":\"Lautaro Wines\"},{\"@type\":\"BreadcrumbList\",\"@id\":\"https:\/\/www.vinoslautaro.cl\/es\/nuestra-historia\/#breadcrumb\",\"itemListElement\":[{\"@type\":\"ListItem\",\"position\":1,\"name\":\"Portada\",\"item\":\"https:\/\/www.vinoslautaro.cl\/es\/\"},{\"@type\":\"ListItem\",\"position\":2,\"name\":\"Nuestra Historia\"}]},{\"@type\":\"WebSite\",\"@id\":\"https:\/\/www.vinoslautaro.cl\/es\/#website\",\"url\":\"https:\/\/www.vinoslautaro.cl\/es\/\",\"name\":\"Lautaro Wines\",\"description\":\"\",\"potentialAction\":[{\"@type\":\"SearchAction\",\"target\":{\"@type\":\"EntryPoint\",\"urlTemplate\":\"https:\/\/www.vinoslautaro.cl\/es\/?s={search_term_string}\"},\"query-input\":{\"@type\":\"PropertyValueSpecification\",\"valueRequired\":true,\"valueName\":\"search_term_string\"}}],\"inLanguage\":\"es\"}]}<\/script>\n<!-- \/ Yoast SEO plugin. -->","yoast_head_json":{"title":"Nuestra Historia - Lautaro Wines","robots":{"index":"index","follow":"follow","max-snippet":"max-snippet:-1","max-image-preview":"max-image-preview:large","max-video-preview":"max-video-preview:-1"},"canonical":"https:\/\/www.vinoslautaro.cl\/es\/nuestra-historia\/","og_locale":"es_ES","og_type":"article","og_title":"Nuestra Historia - Lautaro Wines","og_description":"Anterior Siguiente Bienvenidos a nuestro pasado y presente Nuestro sue\u00f1o de peque\u00f1os productores comienza con el proceso de Reforma Agraria en Chile, que nos hace due\u00f1os de peque\u00f1as superficies de terreno que trabajamos individualmente para dedicarlas a cultivos anuales. M\u00e1s tarde, asesores t\u00e9cnicos nos convencen de plantar vi\u00f1edos de cepas finas y vender de manera [&hellip;]","og_url":"https:\/\/www.vinoslautaro.cl\/es\/nuestra-historia\/","og_site_name":"Lautaro Wines","article_modified_time":"2020-11-06T18:13:16+00:00","og_image":[{"url":"https:\/\/www.vinoslautaro.cl\/es\/wp-content\/uploads\/2016\/06\/Productores-Lautaro-Wines-1200x600-1024x512.jpg","type":"","width":"","height":""}],"twitter_card":"summary_large_image","twitter_misc":{"Tiempo de lectura":"2 minutos"},"schema":{"@context":"https:\/\/schema.org","@graph":[{"@type":"WebPage","@id":"https:\/\/www.vinoslautaro.cl\/es\/nuestra-historia\/","url":"https:\/\/www.vinoslautaro.cl\/es\/nuestra-historia\/","name":"Nuestra Historia - Lautaro Wines","isPartOf":{"@id":"https:\/\/www.vinoslautaro.cl\/es\/#website"},"primaryImageOfPage":{"@id":"https:\/\/www.vinoslautaro.cl\/es\/nuestra-historia\/#primaryimage"},"image":{"@id":"https:\/\/www.vinoslautaro.cl\/es\/nuestra-historia\/#primaryimage"},"thumbnailUrl":"https:\/\/www.vinoslautaro.cl\/es\/wp-content\/uploads\/2016\/06\/Productores-Lautaro-Wines-1200x600-1024x512.jpg","datePublished":"2020-10-21T03:12:18+00:00","dateModified":"2020-11-06T18:13:16+00:00","breadcrumb":{"@id":"https:\/\/www.vinoslautaro.cl\/es\/nuestra-historia\/#breadcrumb"},"inLanguage":"es","potentialAction":[{"@type":"ReadAction","target":["https:\/\/www.vinoslautaro.cl\/es\/nuestra-historia\/"]}]},{"@type":"ImageObject","inLanguage":"es","@id":"https:\/\/www.vinoslautaro.cl\/es\/nuestra-historia\/#primaryimage","url":"https:\/\/www.vinoslautaro.cl\/es\/wp-content\/uploads\/2016\/06\/Productores-Lautaro-Wines-1200x600.jpg","contentUrl":"https:\/\/www.vinoslautaro.cl\/es\/wp-content\/uploads\/2016\/06\/Productores-Lautaro-Wines-1200x600.jpg","width":1200,"height":600,"caption":"Lautaro Wines"},{"@type":"BreadcrumbList","@id":"https:\/\/www.vinoslautaro.cl\/es\/nuestra-historia\/#breadcrumb","itemListElement":[{"@type":"ListItem","position":1,"name":"Portada","item":"https:\/\/www.vinoslautaro.cl\/es\/"},{"@type":"ListItem","position":2,"name":"Nuestra Historia"}]},{"@type":"WebSite","@id":"https:\/\/www.vinoslautaro.cl\/es\/#website","url":"https:\/\/www.vinoslautaro.cl\/es\/","name":"Lautaro Wines","description":"","potentialAction":[{"@type":"SearchAction","target":{"@type":"EntryPoint","urlTemplate":"https:\/\/www.vinoslautaro.cl\/es\/?s={search_term_string}"},"query-input":{"@type":"PropertyValueSpecification","valueRequired":true,"valueName":"search_term_string"}}],"inLanguage":"es"}]}},"_links":{"self":[{"href":"https:\/\/www.vinoslautaro.cl\/es\/wp-json\/wp\/v2\/pages\/16","targetHints":{"allow":["GET"]}}],"collection":[{"href":"https:\/\/www.vinoslautaro.cl\/es\/wp-json\/wp\/v2\/pages"}],"about":[{"href":"https:\/\/www.vinoslautaro.cl\/es\/wp-json\/wp\/v2\/types\/page"}],"author":[{"embeddable":true,"href":"https:\/\/www.vinoslautaro.cl\/es\/wp-json\/wp\/v2\/users\/1"}],"replies":[{"embeddable":true,"href":"https:\/\/www.vinoslautaro.cl\/es\/wp-json\/wp\/v2\/comments?post=16"}],"version-history":[{"count":35,"href":"https:\/\/www.vinoslautaro.cl\/es\/wp-json\/wp\/v2\/pages\/16\/revisions"}],"predecessor-version":[{"id":1727,"href":"https:\/\/www.vinoslautaro.cl\/es\/wp-json\/wp\/v2\/pages\/16\/revisions\/1727"}],"wp:attachment":[{"href":"https:\/\/www.vinoslautaro.cl\/es\/wp-json\/wp\/v2\/media?parent=16"}],"curies":[{"name":"wp","href":"https:\/\/api.w.org\/{rel}","templated":true}]}}